{"id":5027,"date":"2016-12-15T14:36:34","date_gmt":"2016-12-15T14:36:34","guid":{"rendered":"http:\/\/www.cejv.com.br\/site\/?page_id=5027"},"modified":"2026-03-31T00:22:43","modified_gmt":"2026-03-31T00:22:43","slug":"calendario-cejv","status":"publish","type":"page","link":"https:\/\/www.cejv.com.br\/site\/index.php\/calendario-cejv\/","title":{"rendered":"Agenda 2026"},"content":{"rendered":"\n\n\n<figure class=\"wp-block-table aligncenter is-style-stripes\"><table><tbody><tr><td class=\"has-text-align-center\" data-align=\"center\"><strong>DATA<\/strong><\/td><td class=\"has-text-align-center\" data-align=\"center\"><strong>SESSAO<\/strong><\/td><td class=\"has-text-align-center\" data-align=\"center\"><strong>OBSERVA\u00c7AO<\/strong><\/td><\/tr><tr><td class=\"has-text-align-center\" data-align=\"center\"><\/td><td class=\"has-text-align-center\" data-align=\"center\"><\/td><td class=\"has-text-align-center\" data-align=\"center\"><\/td><\/tr><\/tbody><\/table><\/figure>\n\n\n\n<figure class=\"wp-block-table aligncenter is-style-stripes\"><table><tbody><tr><td class=\"has-text-align-center\" data-align=\"center\"><strong>DATA<\/strong><\/td><td class=\"has-text-align-center\" data-align=\"center\"><strong>SESS\u00c3O<\/strong><\/td><td class=\"has-text-align-center\" data-align=\"center\"><strong>OBSERVA\u00c7\u00c3O<\/strong><\/td><\/tr><tr><td class=\"has-text-align-center\" data-align=\"center\"><\/td><td class=\"has-text-align-center\" data-align=\"center\"><\/td><td class=\"has-text-align-center\" data-align=\"center\"><\/td><\/tr><tr><td class=\"has-text-align-center\" data-align=\"center\">11 de abril<\/td><td class=\"has-text-align-center\" data-align=\"center\">Pretos Velhos<\/td><td class=\"has-text-align-center\" data-align=\"center\"><\/td><\/tr><tr><td class=\"has-text-align-center\" data-align=\"center\">18 de abril<\/td><td class=\"has-text-align-center\" data-align=\"center\">Boiadeiros<\/td><td class=\"has-text-align-center\" data-align=\"center\"><\/td><\/tr><tr><td class=\"has-text-align-center\" data-align=\"center\">25 de abril<\/td><td class=\"has-text-align-center\" data-align=\"center\">Caboclos <\/td><td class=\"has-text-align-center\" data-align=\"center\">Homenagem a Ogum<br>51 anos do CEJV<\/td><\/tr><tr><td class=\"has-text-align-center\" data-align=\"center\"><\/td><td class=\"has-text-align-center\" data-align=\"center\"><\/td><td class=\"has-text-align-center\" data-align=\"center\"><\/td><\/tr><tr><td class=\"has-text-align-center\" data-align=\"center\">09 de maio<\/td><td class=\"has-text-align-center\" data-align=\"center\">Exus<\/td><td class=\"has-text-align-center\" data-align=\"center\"><\/td><\/tr><tr><td class=\"has-text-align-center\" data-align=\"center\">16 de maio<\/td><td class=\"has-text-align-center\" data-align=\"center\">Pretos Velhos<\/td><td class=\"has-text-align-center\" data-align=\"center\">Homenagem aos<br>Pretos Velhos<\/td><\/tr><tr><td class=\"has-text-align-center\" data-align=\"center\">23 de maio<\/td><td class=\"has-text-align-center\" data-align=\"center\">Boiadeiros<\/td><td class=\"has-text-align-center\" data-align=\"center\"><\/td><\/tr><tr><td class=\"has-text-align-center\" data-align=\"center\">30 de maio<\/td><td class=\"has-text-align-center\" data-align=\"center\">Caboclos<\/td><td class=\"has-text-align-center\" data-align=\"center\"><\/td><\/tr><tr><td class=\"has-text-align-center\" data-align=\"center\"><\/td><td class=\"has-text-align-center\" data-align=\"center\"><\/td><td class=\"has-text-align-center\" data-align=\"center\"><\/td><\/tr><tr><td class=\"has-text-align-center\" data-align=\"center\">13 de junho<\/td><td class=\"has-text-align-center\" data-align=\"center\">Exus<\/td><td class=\"has-text-align-center\" data-align=\"center\">Homenagem a Xang\u00f4<\/td><\/tr><tr><td class=\"has-text-align-center\" data-align=\"center\">20 de junho<\/td><td class=\"has-text-align-center\" data-align=\"center\">Pretos Velhos<\/td><td class=\"has-text-align-center\" data-align=\"center\"><\/td><\/tr><tr><td class=\"has-text-align-center\" data-align=\"center\">27 de junho<\/td><td class=\"has-text-align-center\" data-align=\"center\">Boiadeiros<\/td><td class=\"has-text-align-center\" data-align=\"center\"><\/td><\/tr><tr><td class=\"has-text-align-center\" data-align=\"center\"><\/td><td class=\"has-text-align-center\" data-align=\"center\"><\/td><td class=\"has-text-align-center\" data-align=\"center\"><\/td><\/tr><tr><td class=\"has-text-align-center\" data-align=\"center\">04 de julho<\/td><td class=\"has-text-align-center\" data-align=\"center\">Caboclos<\/td><td class=\"has-text-align-center\" data-align=\"center\"><\/td><\/tr><tr><td class=\"has-text-align-center\" data-align=\"center\">18 de julho<\/td><td class=\"has-text-align-center\" data-align=\"center\">Exus<\/td><td class=\"has-text-align-center\" data-align=\"center\"><\/td><\/tr><tr><td class=\"has-text-align-center\" data-align=\"center\">25 de julho<\/td><td class=\"has-text-align-center\" data-align=\"center\">Pretos Velhos<\/td><td class=\"has-text-align-center\" data-align=\"center\">Homenagem \u00e0 Nan\u00e3<\/td><\/tr><tr><td class=\"has-text-align-center\" data-align=\"center\"><\/td><td class=\"has-text-align-center\" data-align=\"center\"><\/td><td class=\"has-text-align-center\" data-align=\"center\"><\/td><\/tr><tr><td class=\"has-text-align-center\" data-align=\"center\">01 de agosto<\/td><td class=\"has-text-align-center\" data-align=\"center\">Boiadeiros<\/td><td class=\"has-text-align-center\" data-align=\"center\"><\/td><\/tr><tr><td class=\"has-text-align-center\" data-align=\"center\">08 de agosto<\/td><td class=\"has-text-align-center\" data-align=\"center\">Caboclos<\/td><td class=\"has-text-align-center\" data-align=\"center\"><\/td><\/tr><tr><td class=\"has-text-align-center\" data-align=\"center\">29 de agosto<\/td><td class=\"has-text-align-center\" data-align=\"center\">Exus<\/td><td class=\"has-text-align-center\" data-align=\"center\"><\/td><\/tr><tr><td class=\"has-text-align-center\" data-align=\"center\"><\/td><td class=\"has-text-align-center\" data-align=\"center\"><\/td><td class=\"has-text-align-center\" data-align=\"center\"><\/td><\/tr><tr><td class=\"has-text-align-center\" data-align=\"center\">05 de setembro<\/td><td class=\"has-text-align-center\" data-align=\"center\">Pretos Velhos<\/td><td class=\"has-text-align-center\" data-align=\"center\"><\/td><\/tr><tr><td class=\"has-text-align-center\" data-align=\"center\">12 de setembro<\/td><td class=\"has-text-align-center\" data-align=\"center\">Boiadeiros<\/td><td class=\"has-text-align-center\" data-align=\"center\"><\/td><\/tr><tr><td class=\"has-text-align-center\" data-align=\"center\">26 de setembro<\/td><td class=\"has-text-align-center\" data-align=\"center\">Caboclos<\/td><td class=\"has-text-align-center\" data-align=\"center\">Homenagem a Beijada<\/td><\/tr><tr><td class=\"has-text-align-center\" data-align=\"center\"><\/td><td class=\"has-text-align-center\" data-align=\"center\"><\/td><td class=\"has-text-align-center\" data-align=\"center\"><\/td><\/tr><tr><td class=\"has-text-align-center\" data-align=\"center\">03 de outubro<\/td><td class=\"has-text-align-center\" data-align=\"center\">Exus<\/td><td class=\"has-text-align-center\" data-align=\"center\"><\/td><\/tr><tr><td class=\"has-text-align-center\" data-align=\"center\">10 de outubro<\/td><td class=\"has-text-align-center\" data-align=\"center\">Pretos Velhos<\/td><td class=\"has-text-align-center\" data-align=\"center\"><\/td><\/tr><tr><td class=\"has-text-align-center\" data-align=\"center\">17 de outubro<\/td><td class=\"has-text-align-center\" data-align=\"center\">Boiadeiros<\/td><td class=\"has-text-align-center\" data-align=\"center\"><\/td><\/tr><tr><td class=\"has-text-align-center\" data-align=\"center\">24 de outubro<\/td><td class=\"has-text-align-center\" data-align=\"center\">Caboclos<\/td><td class=\"has-text-align-center\" data-align=\"center\"><\/td><\/tr><tr><td class=\"has-text-align-center\" data-align=\"center\"><\/td><td class=\"has-text-align-center\" data-align=\"center\"><\/td><td class=\"has-text-align-center\" data-align=\"center\"><\/td><\/tr><tr><td class=\"has-text-align-center\" data-align=\"center\">07 de novembro<\/td><td class=\"has-text-align-center\" data-align=\"center\">Exus<\/td><td class=\"has-text-align-center\" data-align=\"center\"><\/td><\/tr><tr><td class=\"has-text-align-center\" data-align=\"center\">14 de novembro<\/td><td class=\"has-text-align-center\" data-align=\"center\">Pretos Velhos<\/td><td class=\"has-text-align-center\" data-align=\"center\"><\/td><\/tr><tr><td class=\"has-text-align-center\" data-align=\"center\">21 de novembro<\/td><td class=\"has-text-align-center\" data-align=\"center\">Boiadeiros<\/td><td class=\"has-text-align-center\" data-align=\"center\"><\/td><\/tr><tr><td class=\"has-text-align-center\" data-align=\"center\">28 de novembro<\/td><td class=\"has-text-align-center\" data-align=\"center\">Caboclos<\/td><td class=\"has-text-align-center\" data-align=\"center\"><\/td><\/tr><tr><td class=\"has-text-align-center\" data-align=\"center\"><\/td><td class=\"has-text-align-center\" data-align=\"center\"><\/td><td class=\"has-text-align-center\" data-align=\"center\"><\/td><\/tr><tr><td class=\"has-text-align-center\" data-align=\"center\">12 de dezembro<\/td><td class=\"has-text-align-center\" data-align=\"center\">Exus<\/td><td class=\"has-text-align-center\" data-align=\"center\">Encerramento<\/td><\/tr><tr><td class=\"has-text-align-center\" data-align=\"center\"><\/td><td class=\"has-text-align-center\" data-align=\"center\"><\/td><td class=\"has-text-align-center\" data-align=\"center\"><\/td><\/tr><tr><td class=\"has-text-align-center\" data-align=\"center\"><\/td><td class=\"has-text-align-center\" data-align=\"center\"><\/td><td class=\"has-text-align-center\" data-align=\"center\"><\/td><\/tr><\/tbody><\/table><\/figure>\n\n\n<br><div data-tockify-calendar=\"cejv2020\" data-tockify-component=\"calendar\"><\/div><script type='text\/javascript'>if (window._tkf && window._tkf.loadDeclaredCalendars) {window._tkf.loadDeclaredCalendars();}<\/script>","protected":false},"excerpt":{"rendered":"<p>DATA SESSAO OBSERVA\u00c7AO DATA SESS\u00c3O OBSERVA\u00c7\u00c3O 11 de abril Pretos&#8230; <\/p>\n","protected":false},"author":16,"featured_media":4316,"parent":0,"menu_order":0,"comment_status":"closed","ping_status":"closed","template":"","meta":[],"_links":{"self":[{"href":"https:\/\/www.cejv.com.br\/site\/index.php\/wp-json\/wp\/v2\/pages\/5027"}],"collection":[{"href":"https:\/\/www.cejv.com.br\/site\/index.php\/wp-json\/wp\/v2\/pages"}],"about":[{"href":"https:\/\/www.cejv.com.br\/site\/index.php\/wp-json\/wp\/v2\/types\/page"}],"author":[{"embeddable":true,"href":"https:\/\/www.cejv.com.br\/site\/index.php\/wp-json\/wp\/v2\/users\/16"}],"replies":[{"embeddable":true,"href":"https:\/\/www.cejv.com.br\/site\/index.php\/wp-json\/wp\/v2\/comments?post=5027"}],"version-history":[{"count":69,"href":"https:\/\/www.cejv.com.br\/site\/index.php\/wp-json\/wp\/v2\/pages\/5027\/revisions"}],"predecessor-version":[{"id":6168,"href":"https:\/\/www.cejv.com.br\/site\/index.php\/wp-json\/wp\/v2\/pages\/5027\/revisions\/6168"}],"wp:featuredmedia":[{"embeddable":true,"href":"https:\/\/www.cejv.com.br\/site\/index.php\/wp-json\/wp\/v2\/media\/4316"}],"wp:attachment":[{"href":"https:\/\/www.cejv.com.br\/site\/index.php\/wp-json\/wp\/v2\/media?parent=5027"}],"curies":[{"name":"wp","href":"https:\/\/api.w.org\/{rel}","templated":true}]}}