{"id":4319,"date":"2015-05-28T14:51:10","date_gmt":"2015-05-28T14:51:10","guid":{"rendered":"http:\/\/www.cejv.com.br\/site\/?page_id=4319"},"modified":"2016-03-25T22:47:03","modified_gmt":"2016-03-25T22:47:03","slug":"grupo-de-harmonizacao-2","status":"publish","type":"page","link":"https:\/\/www.cejv.com.br\/site\/index.php\/grupo-de-harmonizacao-2\/","title":{"rendered":"Grupo de Harmoniza\u00e7\u00e3o"},"content":{"rendered":"<p style=\"text-align: justify;\">O que \u00e9 a harmoniza\u00e7\u00e3o no CEJV?<\/p>\n<p style=\"text-align: justify;\">A harmoniza\u00e7\u00e3o \u00e9 um trabalho direcionado ao tratamento de enfermos, que\u00a0 visa equilibrar o assistido com aplica\u00e7\u00e3o de passes magn\u00e9ticos. Desta maneira visamos, juntamente com o tratamento material do qual o assistido n\u00e3o pode deixar de ter, fortalecer seus campos de for\u00e7a promovendo o equil\u00edbrio geral do assistido, o qual chamamos de harmoniza\u00e7\u00e3o.<\/p>\n<p style=\"text-align: justify;\">Para que a pessoa tenha acesso a este tratamento \u00e9 necess\u00e1rio comparecer a uma das reuni\u00f5es p\u00fablicas, que acontecem aos s\u00e1bados \u00e0s 15:00hs, ou na parte da manh\u00e3 de s\u00e1bado no per\u00edodo de 09:00 \u00e0s 11:00. Ser\u00e1 feito um atendimento fraterno para conhecermos sua necessidade e ap\u00f3s este primeiro atendimento ser\u00e1 direcionado ao respons\u00e1vel pelo grupo.<\/p>\n<p>Nosso trabalho acontece com a assist\u00eancia espiritual da entidade Sr. Sete da Lira. Este Esp\u00edrito teve como profiss\u00e3o, quando se encontrava no plano terreno, a medicina. Desencarnou jovem e hoje faz parte da c\u00fapula espiritual do CEJV. Atua na assist\u00eancia aos enfermos encarnados e desencarnados e, junto com o grupo de harmoniza\u00e7\u00e3o, direciona o que denominamos Trabalho com Amor.<\/p>\n<p>\u00c9 importante, deixar claro que todo trabalho espiritual, tem o seu \u00eaxito com a ajuda do enfermo e com seu tratamento material acontecendo paralelamente. \u00c9 necess\u00e1rio assiduidade no tratamento, assim como f\u00e9, vontade de ficar bem, confian\u00e7a em seu tratamento material e muito amor.<\/p>\n<p>&nbsp;<\/p>\n\n\t\t<style type=\"text\/css\">\n\t\t\t#gallery-1 {\n\t\t\t\tmargin: auto;\n\t\t\t}\n\t\t\t#gallery-1 .gallery-item {\n\t\t\t\tfloat: left;\n\t\t\t\tmargin-top: 10px;\n\t\t\t\ttext-align: center;\n\t\t\t\twidth: 33%;\n\t\t\t}\n\t\t\t#gallery-1 img {\n\t\t\t\tborder: 2px solid #cfcfcf;\n\t\t\t}\n\t\t\t#gallery-1 .gallery-caption {\n\t\t\t\tmargin-left: 0;\n\t\t\t}\n\t\t\t\/* see gallery_shortcode() in wp-includes\/media.php *\/\n\t\t<\/style>\n\t\t<div id='gallery-1' class='gallery galleryid-4319 gallery-columns-3 gallery-size-large'><dl class='gallery-item'>\n\t\t\t<dt class='gallery-icon landscape'>\n\t\t\t\t<a href='https:\/\/www.cejv.com.br\/site\/wp-content\/uploads\/2015\/05\/site_cejv-19.jpg' rel=\"lightbox[4319]\"><img width=\"1024\" height=\"683\" src=\"https:\/\/www.cejv.com.br\/site\/wp-content\/uploads\/2015\/05\/site_cejv-19-1024x683.jpg\" class=\"attachment-large size-large\" alt=\"\" loading=\"lazy\" srcset=\"https:\/\/www.cejv.com.br\/site\/wp-content\/uploads\/2015\/05\/site_cejv-19-1024x683.jpg 1024w, https:\/\/www.cejv.com.br\/site\/wp-content\/uploads\/2015\/05\/site_cejv-19-300x200.jpg 300w, https:\/\/www.cejv.com.br\/site\/wp-content\/uploads\/2015\/05\/site_cejv-19.jpg 1198w\" sizes=\"(max-width: 1024px) 100vw, 1024px\" \/><\/a>\n\t\t\t<\/dt><\/dl><dl class='gallery-item'>\n\t\t\t<dt class='gallery-icon landscape'>\n\t\t\t\t<a href='https:\/\/www.cejv.com.br\/site\/wp-content\/uploads\/2015\/05\/site_cejv-18.jpg' rel=\"lightbox[4319]\"><img width=\"1024\" height=\"682\" src=\"https:\/\/www.cejv.com.br\/site\/wp-content\/uploads\/2015\/05\/site_cejv-18-1024x682.jpg\" class=\"attachment-large size-large\" alt=\"\" loading=\"lazy\" srcset=\"https:\/\/www.cejv.com.br\/site\/wp-content\/uploads\/2015\/05\/site_cejv-18-1024x682.jpg 1024w, https:\/\/www.cejv.com.br\/site\/wp-content\/uploads\/2015\/05\/site_cejv-18-300x200.jpg 300w, https:\/\/www.cejv.com.br\/site\/wp-content\/uploads\/2015\/05\/site_cejv-18.jpg 1319w\" sizes=\"(max-width: 1024px) 100vw, 1024px\" \/><\/a>\n\t\t\t<\/dt><\/dl><dl class='gallery-item'>\n\t\t\t<dt class='gallery-icon landscape'>\n\t\t\t\t<a href='https:\/\/www.cejv.com.br\/site\/wp-content\/uploads\/2015\/05\/site_cejv-17.jpg' rel=\"lightbox[4319]\"><img width=\"1024\" height=\"683\" src=\"https:\/\/www.cejv.com.br\/site\/wp-content\/uploads\/2015\/05\/site_cejv-17-1024x683.jpg\" class=\"attachment-large size-large\" alt=\"\" loading=\"lazy\" srcset=\"https:\/\/www.cejv.com.br\/site\/wp-content\/uploads\/2015\/05\/site_cejv-17-1024x683.jpg 1024w, https:\/\/www.cejv.com.br\/site\/wp-content\/uploads\/2015\/05\/site_cejv-17-300x200.jpg 300w, https:\/\/www.cejv.com.br\/site\/wp-content\/uploads\/2015\/05\/site_cejv-17.jpg 1500w\" sizes=\"(max-width: 1024px) 100vw, 1024px\" \/><\/a>\n\t\t\t<\/dt><\/dl><br style=\"clear: both\" \/>\n\t\t<\/div>\n\n","protected":false},"excerpt":{"rendered":"<p>O que \u00e9 a harmoniza\u00e7\u00e3o no CEJV? A harmoniza\u00e7\u00e3o \u00e9&#8230; <\/p>\n","protected":false},"author":16,"featured_media":4484,"parent":0,"menu_order":0,"comment_status":"open","ping_status":"open","template":"","meta":[],"_links":{"self":[{"href":"https:\/\/www.cejv.com.br\/site\/index.php\/wp-json\/wp\/v2\/pages\/4319"}],"collection":[{"href":"https:\/\/www.cejv.com.br\/site\/index.php\/wp-json\/wp\/v2\/pages"}],"about":[{"href":"https:\/\/www.cejv.com.br\/site\/index.php\/wp-json\/wp\/v2\/types\/page"}],"author":[{"embeddable":true,"href":"https:\/\/www.cejv.com.br\/site\/index.php\/wp-json\/wp\/v2\/users\/16"}],"replies":[{"embeddable":true,"href":"https:\/\/www.cejv.com.br\/site\/index.php\/wp-json\/wp\/v2\/comments?post=4319"}],"version-history":[{"count":11,"href":"https:\/\/www.cejv.com.br\/site\/index.php\/wp-json\/wp\/v2\/pages\/4319\/revisions"}],"predecessor-version":[{"id":4758,"href":"https:\/\/www.cejv.com.br\/site\/index.php\/wp-json\/wp\/v2\/pages\/4319\/revisions\/4758"}],"wp:featuredmedia":[{"embeddable":true,"href":"https:\/\/www.cejv.com.br\/site\/index.php\/wp-json\/wp\/v2\/media\/4484"}],"wp:attachment":[{"href":"https:\/\/www.cejv.com.br\/site\/index.php\/wp-json\/wp\/v2\/media?parent=4319"}],"curies":[{"name":"wp","href":"https:\/\/api.w.org\/{rel}","templated":true}]}}