{"id":3740,"date":"2013-06-01T20:04:04","date_gmt":"2013-06-01T20:04:04","guid":{"rendered":"http:\/\/www.cejv.com.br\/site\/?page_id=3740"},"modified":"2015-05-28T16:39:18","modified_gmt":"2015-05-28T16:39:18","slug":"tempo","status":"publish","type":"page","link":"https:\/\/www.cejv.com.br\/site\/index.php\/os-orixas\/tempo\/","title":{"rendered":"Tempo"},"content":{"rendered":"<p><a href=\"http:\/\/www.cejv.com.br\/site\/wp-content\/uploads\/2013\/06\/350_quadro-Tempo.jpg\" rel=\"lightbox[3740]\"><img loading=\"lazy\" class=\" size-medium wp-image-3741 alignleft\" src=\"http:\/\/www.cejv.com.br\/site\/wp-content\/uploads\/2013\/06\/350_quadro-Tempo-221x300.jpg\" alt=\"350_quadro Tempo\" width=\"221\" height=\"300\" srcset=\"https:\/\/www.cejv.com.br\/site\/wp-content\/uploads\/2013\/06\/350_quadro-Tempo-221x300.jpg 221w, https:\/\/www.cejv.com.br\/site\/wp-content\/uploads\/2013\/06\/350_quadro-Tempo.jpg 350w\" sizes=\"(max-width: 221px) 100vw, 221px\" \/><\/a><\/p>\n<p>&nbsp;<\/p>\n<p style=\"text-align: justify;\">Tempo \u00e9 o senhor das esta\u00e7\u00f5es do ano; quando ligado ao tempo meteorol\u00f3gico \u00e9 o regente das muta\u00e7\u00f5es clim\u00e1ticas e quando ligado ao tempo cronol\u00f3gico \u00e9 o regulador do pr\u00f3prio tempo. Tempo est\u00e1 sempre em movimento, entre uma e outra extremidade dos p\u00f3los. Ora est\u00e1 em Exu &#8211; equil\u00edbrio negativo do universo &#8211; ora est\u00e1 em Oxal\u00e1 &#8211; equil\u00edbrio positivo do universo &#8211; ora interm\u00e9dio entre um p\u00f3lo e outro. Tempo \u00e9 equil\u00edbrio e desequil\u00edbrio, ao mesmo tempo. Ele \u00e9 o segundo, o minuto, a hora.<\/p>\n<p style=\"text-align: justify;\">Est\u00e1 intimamente ligado ao n\u00famero quatro. Quatro \u00e9 o n\u00famero da terra; quatro foram os dias que Olorum levou para criar o mundo; a cada dia Olorum criou quatro Odus &#8211; no total de dezesseis; quatro s\u00e3o as esta\u00e7\u00f5es do ano: Ver\u00e3o, Inverno, Outono e Primavera; quatro s\u00e3o os elementos da natureza: Fogo, \u00c1gua, Terra e Ar.<\/p>\n<p style=\"text-align: justify;\">Tempo \u00e9 reverenciado como o pai do banho (Maionga) que vai purificar o corpo dos seguidores e iniciados do culto, no momento de maior energia e vibra\u00e7\u00e3o deste orix\u00e1.<\/p>\n<p style=\"text-align: justify;\">Tempo est\u00e1 ligado ao meio ambiente, pois, qualquer choque ambiental tem a sua reg\u00eancia. Ligado intimamente aos quatro elementos da natureza, Tempo viaja por todos eles, num movimento constante, alterando infinitamente o tempo. Sem este movimento, viver\u00edamos o mesmo segundo sempre. Com o tempo parado, n\u00e3o poderia existir vida de nenhuma esp\u00e9cie.<\/p>\n<p style=\"text-align: justify;\">A este orix\u00e1, tamb\u00e9m chamado de Kitembo, foi designado o controle do ambiente, a passagem dos segundos, minutos e horas, dando sentido aos dias, semanas, meses, anos, d\u00e9cadas, s\u00e9culos e mil\u00eanios. Ele \u00e9 o pr\u00f3prio nome: Tempo.<\/p>\n<p style=\"text-align: justify;\">Tempo rege as esta\u00e7\u00f5es do ano, ele \u00e9 o respons\u00e1vel pela passagem de uma para outra. Est\u00e1 ligado ao frio, ao calor, \u00e0 seca, \u00e0s tempestades, ao ambiente pesado e ao ambiente agrad\u00e1vel.<\/p>\n<p style=\"text-align: justify;\">Tempo \u00e9 outono: Per\u00edodo de mudan\u00e7as das plantas, dos ventos fortes, do clima meio nublado, sem beleza, mas de fundamental import\u00e2ncia para o surgimento de um novo ciclo de vida.<\/p>\n<p style=\"text-align: justify;\">Tempo \u00e9 inverno: Per\u00edodo de frio, chuvas permanentes, ambiente gelado e \u00famido.<\/p>\n<p style=\"text-align: justify;\">Tempo \u00e9 ver\u00e3o: Per\u00edodo de forte calor, de sol escaldante, de seca e estiagem.<\/p>\n<p style=\"text-align: justify;\">Tempo \u00e9 primavera: Per\u00edodo da beleza das plantas, do nascimento e desabrochar das flores, do clima agrad\u00e1vel, do frio gostoso e do sol morno, sadio; per\u00edodo em que a natureza \u00e9 mais colorida e mais bela de se ver.<\/p>\n<p style=\"text-align: justify;\">Tempo \u00e9 o passeio por todas estas esta\u00e7\u00f5es. Ele se encanta na mudan\u00e7a brusca do clima, do popular: \u201cSol e Chuva, casamento de vi\u00fava\u201d. Tempo \u00e9 mudan\u00e7a radical e mudan\u00e7a proporcional do clima.<\/p>\n<p style=\"text-align: justify;\">Kitembo \u00e9 a escala do tempo, por isso sua ferramenta \u00e9 uma escada, em refer\u00eancia ao crescimento do tempo em nossa volta. \u00c9 a energia em constante deslocamento nos quatro pontos cardeais: Norte, Sul, Leste e Oeste.<\/p>\n<p style=\"text-align: justify;\">Intimamente ligado a Oxal\u00e1 e Omul\u00fa, rege o espa\u00e7o de tempo existente entre o nascimento e a morte. \u00c9 sincretizado com S\u00e3o Francisco de Assis e sua sauda\u00e7\u00e3o \u00e9 Zara Tempo Tempoi\u00f3!<\/p>\n<p style=\"text-align: justify;\">\n\n<!-- Page-list plugin v.5.2 wordpress.org\/plugins\/page-list\/ -->\n<div class=\"page-list page-list-ext \">\n<div class=\"page-list-ext-item\"><div class=\"page-list-ext-image\"><a href=\"https:\/\/www.cejv.com.br\/site\/index.php\/os-orixas\/ewa\/\" title=\"Ew\u00e1\"><img src=\"https:\/\/www.cejv.com.br\/site\/wp-content\/uploads\/2013\/05\/350_quadro-Ewa1-150x150.jpg\" width=\"80\" alt=\"Ew\u00e1\" \/><\/a><\/div> <h3 class=\"page-list-ext-title\"><a href=\"https:\/\/www.cejv.com.br\/site\/index.php\/os-orixas\/ewa\/\" title=\"Ew\u00e1\">Ew\u00e1<\/a><\/h3><\/div>\n<div class=\"page-list-ext-item\"><div class=\"page-list-ext-image\"><a href=\"https:\/\/www.cejv.com.br\/site\/index.php\/os-orixas\/iansan\/\" title=\"Iansan\"><img src=\"https:\/\/www.cejv.com.br\/site\/wp-content\/uploads\/2013\/05\/350_quadro-iansa-150x150.jpg\" width=\"80\" alt=\"Iansan\" \/><\/a><\/div> <h3 class=\"page-list-ext-title\"><a href=\"https:\/\/www.cejv.com.br\/site\/index.php\/os-orixas\/iansan\/\" title=\"Iansan\">Iansan<\/a><\/h3><\/div>\n<div class=\"page-list-ext-item\"><div class=\"page-list-ext-image\"><a href=\"https:\/\/www.cejv.com.br\/site\/index.php\/os-orixas\/iemanja\/\" title=\"Iemanj\u00e1\"><img src=\"https:\/\/www.cejv.com.br\/site\/wp-content\/uploads\/2013\/05\/350_quadro-iemanja-150x150.jpg\" width=\"80\" alt=\"Iemanj\u00e1\" \/><\/a><\/div> <h3 class=\"page-list-ext-title\"><a href=\"https:\/\/www.cejv.com.br\/site\/index.php\/os-orixas\/iemanja\/\" title=\"Iemanj\u00e1\">Iemanj\u00e1<\/a><\/h3><\/div>\n<div class=\"page-list-ext-item\"><div class=\"page-list-ext-image\"><a href=\"https:\/\/www.cejv.com.br\/site\/index.php\/os-orixas\/nana\/\" title=\"Nan\u00e3\"><img src=\"https:\/\/www.cejv.com.br\/site\/wp-content\/uploads\/2013\/05\/350_quadro-nana-150x150.jpg\" width=\"80\" alt=\"Nan\u00e3\" \/><\/a><\/div> <h3 class=\"page-list-ext-title\"><a href=\"https:\/\/www.cejv.com.br\/site\/index.php\/os-orixas\/nana\/\" title=\"Nan\u00e3\">Nan\u00e3<\/a><\/h3><\/div>\n<div class=\"page-list-ext-item\"><div class=\"page-list-ext-image\"><a href=\"https:\/\/www.cejv.com.br\/site\/index.php\/os-orixas\/ogum\/\" title=\"Ogum\"><img src=\"https:\/\/www.cejv.com.br\/site\/wp-content\/uploads\/2013\/05\/350_quadro-ogum-150x150.jpg\" width=\"80\" alt=\"Ogum\" \/><\/a><\/div> <h3 class=\"page-list-ext-title\"><a href=\"https:\/\/www.cejv.com.br\/site\/index.php\/os-orixas\/ogum\/\" title=\"Ogum\">Ogum<\/a><\/h3><\/div>\n<div class=\"page-list-ext-item\"><div class=\"page-list-ext-image\"><a href=\"https:\/\/www.cejv.com.br\/site\/index.php\/os-orixas\/omulu\/\" title=\"Omulu\"><img src=\"https:\/\/www.cejv.com.br\/site\/wp-content\/uploads\/2013\/05\/350_quadro-omulu-150x150.jpg\" width=\"80\" alt=\"Omulu\" \/><\/a><\/div> <h3 class=\"page-list-ext-title\"><a href=\"https:\/\/www.cejv.com.br\/site\/index.php\/os-orixas\/omulu\/\" title=\"Omulu\">Omulu<\/a><\/h3><\/div>\n<div class=\"page-list-ext-item\"><div class=\"page-list-ext-image\"><a href=\"https:\/\/www.cejv.com.br\/site\/index.php\/os-orixas\/ossae\/\" title=\"Oss\u00e3e\"><img src=\"https:\/\/www.cejv.com.br\/site\/wp-content\/uploads\/2013\/05\/350_quadro-ossae-150x150.jpg\" width=\"80\" alt=\"Oss\u00e3e\" \/><\/a><\/div> <h3 class=\"page-list-ext-title\"><a href=\"https:\/\/www.cejv.com.br\/site\/index.php\/os-orixas\/ossae\/\" title=\"Oss\u00e3e\">Oss\u00e3e<\/a><\/h3><\/div>\n<div class=\"page-list-ext-item\"><div class=\"page-list-ext-image\"><a href=\"https:\/\/www.cejv.com.br\/site\/index.php\/os-orixas\/oxala\/\" title=\"Oxal\u00e1\"><img src=\"https:\/\/www.cejv.com.br\/site\/wp-content\/uploads\/2013\/06\/350_quadro-oxala-150x150.jpg\" width=\"80\" alt=\"Oxal\u00e1\" \/><\/a><\/div> <h3 class=\"page-list-ext-title\"><a href=\"https:\/\/www.cejv.com.br\/site\/index.php\/os-orixas\/oxala\/\" title=\"Oxal\u00e1\">Oxal\u00e1<\/a><\/h3><\/div>\n<div class=\"page-list-ext-item\"><div class=\"page-list-ext-image\"><a href=\"https:\/\/www.cejv.com.br\/site\/index.php\/os-orixas\/oxossi\/\" title=\"Oxossi\"><img src=\"https:\/\/www.cejv.com.br\/site\/wp-content\/uploads\/2013\/06\/quadro-oxossi-150x150.jpg\" width=\"80\" alt=\"Oxossi\" \/><\/a><\/div> <h3 class=\"page-list-ext-title\"><a href=\"https:\/\/www.cejv.com.br\/site\/index.php\/os-orixas\/oxossi\/\" title=\"Oxossi\">Oxossi<\/a><\/h3><\/div>\n<div class=\"page-list-ext-item\"><div class=\"page-list-ext-image\"><a href=\"https:\/\/www.cejv.com.br\/site\/index.php\/os-orixas\/oxum\/\" title=\"Oxum\"><img src=\"https:\/\/www.cejv.com.br\/site\/wp-content\/uploads\/2013\/06\/quadro-oxum-150x150.jpg\" width=\"80\" alt=\"Oxum\" \/><\/a><\/div> <h3 class=\"page-list-ext-title\"><a href=\"https:\/\/www.cejv.com.br\/site\/index.php\/os-orixas\/oxum\/\" title=\"Oxum\">Oxum<\/a><\/h3><\/div>\n<div class=\"page-list-ext-item\"><div class=\"page-list-ext-image\"><a href=\"https:\/\/www.cejv.com.br\/site\/index.php\/os-orixas\/oxumare\/\" title=\"Oxumar\u00ea\"><img src=\"https:\/\/www.cejv.com.br\/site\/wp-content\/uploads\/2013\/06\/quadro-oxumare-150x150.jpg\" width=\"80\" alt=\"Oxumar\u00ea\" \/><\/a><\/div> <h3 class=\"page-list-ext-title\"><a href=\"https:\/\/www.cejv.com.br\/site\/index.php\/os-orixas\/oxumare\/\" title=\"Oxumar\u00ea\">Oxumar\u00ea<\/a><\/h3><\/div>\n<div class=\"page-list-ext-item\"><div class=\"page-list-ext-image\"><a href=\"https:\/\/www.cejv.com.br\/site\/index.php\/os-orixas\/tempo\/\" title=\"Tempo\"><img src=\"https:\/\/www.cejv.com.br\/site\/wp-content\/uploads\/2013\/06\/350_quadro-Tempo-150x150.jpg\" width=\"80\" alt=\"Tempo\" \/><\/a><\/div> <h3 class=\"page-list-ext-title\"><a href=\"https:\/\/www.cejv.com.br\/site\/index.php\/os-orixas\/tempo\/\" title=\"Tempo\">Tempo<\/a><\/h3><\/div>\n<div class=\"page-list-ext-item\"><div class=\"page-list-ext-image\"><a href=\"https:\/\/www.cejv.com.br\/site\/index.php\/os-orixas\/xango\/\" title=\"Xang\u00f4\"><img src=\"https:\/\/www.cejv.com.br\/site\/wp-content\/uploads\/2013\/06\/350_quadro-xango-150x150.jpg\" width=\"80\" alt=\"Xang\u00f4\" \/><\/a><\/div> <h3 class=\"page-list-ext-title\"><a href=\"https:\/\/www.cejv.com.br\/site\/index.php\/os-orixas\/xango\/\" title=\"Xang\u00f4\">Xang\u00f4<\/a><\/h3><\/div>\n\n<\/div>\n","protected":false},"excerpt":{"rendered":"<p>&nbsp; Tempo \u00e9 o senhor das esta\u00e7\u00f5es do ano; quando&#8230; <\/p>\n","protected":false},"author":1,"featured_media":3741,"parent":3572,"menu_order":0,"comment_status":"open","ping_status":"open","template":"","meta":[],"_links":{"self":[{"href":"https:\/\/www.cejv.com.br\/site\/index.php\/wp-json\/wp\/v2\/pages\/3740"}],"collection":[{"href":"https:\/\/www.cejv.com.br\/site\/index.php\/wp-json\/wp\/v2\/pages"}],"about":[{"href":"https:\/\/www.cejv.com.br\/site\/index.php\/wp-json\/wp\/v2\/types\/page"}],"author":[{"embeddable":true,"href":"https:\/\/www.cejv.com.br\/site\/index.php\/wp-json\/wp\/v2\/users\/1"}],"replies":[{"embeddable":true,"href":"https:\/\/www.cejv.com.br\/site\/index.php\/wp-json\/wp\/v2\/comments?post=3740"}],"version-history":[{"count":1,"href":"https:\/\/www.cejv.com.br\/site\/index.php\/wp-json\/wp\/v2\/pages\/3740\/revisions"}],"predecessor-version":[{"id":4359,"href":"https:\/\/www.cejv.com.br\/site\/index.php\/wp-json\/wp\/v2\/pages\/3740\/revisions\/4359"}],"up":[{"embeddable":true,"href":"https:\/\/www.cejv.com.br\/site\/index.php\/wp-json\/wp\/v2\/pages\/3572"}],"wp:featuredmedia":[{"embeddable":true,"href":"https:\/\/www.cejv.com.br\/site\/index.php\/wp-json\/wp\/v2\/media\/3741"}],"wp:attachment":[{"href":"https:\/\/www.cejv.com.br\/site\/index.php\/wp-json\/wp\/v2\/media?parent=3740"}],"curies":[{"name":"wp","href":"https:\/\/api.w.org\/{rel}","templated":true}]}}