{"id":3734,"date":"2013-06-01T20:00:22","date_gmt":"2013-06-01T20:00:22","guid":{"rendered":"http:\/\/www.cejv.com.br\/site\/?page_id=3734"},"modified":"2015-05-28T16:41:33","modified_gmt":"2015-05-28T16:41:33","slug":"oxum","status":"publish","type":"page","link":"https:\/\/www.cejv.com.br\/site\/index.php\/os-orixas\/oxum\/","title":{"rendered":"Oxum"},"content":{"rendered":"<p><a href=\"http:\/\/www.cejv.com.br\/site\/wp-content\/uploads\/2013\/06\/quadro-oxum.jpg\" rel=\"lightbox[3734]\"><img loading=\"lazy\" class=\" size-medium wp-image-3735 alignleft\" src=\"http:\/\/www.cejv.com.br\/site\/wp-content\/uploads\/2013\/06\/quadro-oxum-224x300.jpg\" alt=\"quadro oxum\" width=\"224\" height=\"300\" srcset=\"https:\/\/www.cejv.com.br\/site\/wp-content\/uploads\/2013\/06\/quadro-oxum-224x300.jpg 224w, https:\/\/www.cejv.com.br\/site\/wp-content\/uploads\/2013\/06\/quadro-oxum.jpg 425w\" sizes=\"(max-width: 224px) 100vw, 224px\" \/><\/a><\/p>\n<p style=\"text-align: justify;\">Oxum \u00e9 a divindade das cachoeiras, fontes, lagos, e rios que fertilizam o solo, sendo por isto o orix\u00e1 da fertilidade. \u00c9 a dona do sangue menstrual, da gesta\u00e7\u00e3o, e das crian\u00e7as at\u00e9 que aprendam a falar. Sua sauda\u00e7\u00e3o:\u00a0<em>\u00d2\u00f3r\u00e9 yeye o!<\/em>\u00a0significa M\u00e3e da bondade. Deusa da prosperidade e da riqueza, na \u00c1frica seu metal \u00e9 o cobre, valioso em sua \u00e9poca., no Brasil seu metal \u00e9 o ouro. Ela se encanta nas joalherias e em todos os lugares onde se trabalha com ouro e pedras preciosas. \u00c9 a protetora dos ourives. Oxum \u00e9 o pr\u00f3prio ouro, e est\u00e1 presente em todas as pe\u00e7as e j\u00f3ias feitas com este metal.<\/p>\n<p style=\"text-align: justify;\">Oxum \u00e9 considerada a rainha da regi\u00e3o africana que compreende as cidades de Ijex\u00e1, Ijebu e Oxogb\u00f4, onde corre o rio que leva o seu nome. M\u00e3e da \u00e1gua doce, rainha de todos os rios, orix\u00e1 que rege a candura e a meiguice. Doce, benevolente, generosa, digna, \u00e9 Oxum quem propicia a fecundidade das mulheres. \u00c9 a dona do grande poder feminino de gerar a vida sendo esta a raz\u00e3o de ter recebido o t\u00edtulo de\u00a0<em>Ialod\u00ea,<\/em>\u00a0que significa M\u00e3e da Comunidade. \u00c9 a protetora das crian\u00e7as e est\u00e1 ligada ao desenvolvimento do beb\u00ea ainda no ventre da m\u00e3e. Por ser a senhora absoluta da fertilidade das mulheres, Oxum \u00e9 a guardi\u00e3 da gravidez. Ela olha pelo feto e por sua m\u00e3e, sendo o aborto um de seus maiores interditos. Quando um \u00f3vulo \u00e9 fecundado, Oxum se faz presente e protege o feto assegurando a sua vida. \u00c9 Oxum quem rege a divis\u00e3o e a multiplica\u00e7\u00e3o celular, esta \u00e9, sem d\u00favida, uma de suas reg\u00eancias mais fascinantes: a forma\u00e7\u00e3o da vida. Oxum cuida da crian\u00e7a at\u00e9 que esta aprenda a falar, depois a entrega aos cuidados de Iemanj\u00e1, que dar\u00e1 continuidade ao desenvolvimento daquela crian\u00e7a.<\/p>\n<p style=\"text-align: justify;\">Tudo o que se refere \u00e0 fertilidade est\u00e1 diretamente relacionado \u00e0 Oxum. Oxum socorre as mulheres com problemas uterinos e doen\u00e7as relacionadas aos \u00f3rg\u00e3os genitais. Desta forma, n\u00e3o s\u00f3 as mulheres inf\u00e9rteis devem recorrer \u00e0 Oxum, mas tamb\u00e9m aquelas com miomas, mal forma\u00e7\u00e3o dos \u00f3rg\u00e3os e qualquer outro problema que impe\u00e7a ou dificulte a maternidade. Oxum \u00e9 a divindade que garante a sa\u00fade da mulher pois as particularidades do sexo feminino: a menstrua\u00e7\u00e3o e a capacidade de gerar filhos, s\u00e3o seus maiores atributos. Todas as coisas que simbolizam Oxum remetem \u00e0 id\u00e9ia de fecundidade como os peixes e aves, que por meio de suas escamas e penas evocam a multid\u00e3o dos seus descendentes, o ovo que \u00e9 essencialmente um s\u00edmbolo de fecundidade pertence \u00e0 Oxum.<\/p>\n<p style=\"text-align: justify;\">Paciente e bondosa, m\u00e3e que amamenta e ama pois Oxum \u00e9 a mulher que mesmo sendo m\u00e3e n\u00e3o deixa de ser sensual. Ela \u00e9 a deusa mais bela e sensual de todo pante\u00e3o africano. \u00c9 a pr\u00f3pria vaidade, \u00e9 o dengo, o charme, a pose. Tudo que est\u00e1 ligado \u00e0 sensualidade, tem a reg\u00eancia de Oxum. Um de seus oriquis (versos sagrados), revela o cuidado que Oxum dispensa a seus filhos, sem deixar de lado sua individualidade.<\/p>\n<p style=\"text-align: justify;\">Oxum rege o flerte, o namoro, a paquera, o carinho. Oxum n\u00e3o \u00e9 a paix\u00e3o, esta \u00e9 Ob\u00e1. Oxum \u00e9 o amor maduro, \u00e9 o sentimento equilibrado, definitivo, aquele que dura toda a vida.\u00a0 Oxum \u00e9 a paz no cora\u00e7\u00e3o, \u00e9 o saber que \u201camo e sou amado\u201d. Oxum \u00e9 a capacidade de sentir amor. Ela propicia e alimenta este sentimento nos seres humanos, tornando-os mais calmos e rom\u00e2nticos. Quando amamos algo ou algu\u00e9m \u00e9 porque Oxum est\u00e1 viva dentro de n\u00f3s.<\/p>\n<p style=\"text-align: justify;\">Oxum \u00e9 a divindade africana mais ligada \u00e0s Iy\u00e1-mi Oxorong\u00e1, as feiticeiras. Com elas aprendeu a arte da magia. Por isso, os filhos de Oxum s\u00e3o t\u00e3o poderosos nesta arte. Altiva, silenciosa, sutil, caprichosa, Oxum \u00e9 o cochicho, \u00e9 o segredo.<\/p>\n<p style=\"text-align: justify;\">Os dom\u00ednios de Oxum s\u00e3o a magia, a maternidade, a fertilidade, o amor, a sensualidade, a beleza e o cuidado com as crian\u00e7as. Na natureza manifesta-se nas \u00e1guas doces e cristalinas dos rios, lagoas, nascentes e cachoeiras. \u00c9 com essa \u00e1gua que cura os doentes, que trata os males do amor. Contudo, um rio mesmo os de apar\u00eancia calma escondem perigos, armadilhas, correntezas, buracos, redemoinhos. Assim \u00e9 Oxum. N\u00e3o se deve brincar com a \u00e1gua, n\u00e3o se pode afrontar Oxum.<\/p>\n<p>&nbsp;<\/p>\n<p><em>N\u00e3o h\u00e1 lugar onde n\u00e3o se conhe\u00e7a Oxum,<\/em><br \/>\n<em>Poderosa como o rei.<\/em><br \/>\n<em>Ela recusa a falta de respeito.<\/em><br \/>\n<em>Ela fica em casa e estende a m\u00e3o para a riqueza<\/em><br \/>\n<em>Dan\u00e7a e toma a coroa,<\/em><br \/>\n<em>Dan\u00e7a sem pedir.<\/em><br \/>\n<em>Quando a mulher est\u00e1 no caminho,<\/em><br \/>\n<em>O homem foge<\/em><\/p>\n<p><em>Dona das \u00e1guas frescas<\/em><br \/>\n<em>Que cura doen\u00e7as com \u00e1gua<\/em><br \/>\n<em>Ela tem beleza<\/em><br \/>\n<em>M\u00e3e benfeitora, proteja-me<\/em><br \/>\n<em>Aquela que enfeita os filhos com bronze<\/em><br \/>\n<em>Que \u00e9 cheia de compreens\u00e3o<\/em><\/p>\n<p><em>Ela \u00e9 a grande m\u00e3e,<\/em><br \/>\n<em>Ela \u00e9 a grande m\u00e3e, viva!<\/em><br \/>\n<em>Ela \u00e9 a grande m\u00e3e, viva!<\/em><br \/>\n<em>Ela \u00e9 a grande m\u00e3e<\/em><br \/>\n<em>A quem suplicamos para termos filhos.<\/em><br \/>\n<em>Oxum \u00e9 quem nos d\u00e1 filhos<\/em><\/p>\n<p><em>Mulher elegante<\/em><br \/>\n<em>Que tem j\u00f3ias de cobre maci\u00e7o<\/em><br \/>\n<em>\u00c9 uma cliente dos mercadores de cobre.<\/em><br \/>\n<em>Oxum limpa suas j\u00f3ias de cobre<\/em><br \/>\n<em>Antes de limpar seus filhos<\/em><\/p>\n<p><em>Se do amor se nasce, porque n\u00e3o se quer morrer de amor?<\/em><br \/>\n<em>Que eu chore por ter amado \u2013 Doce l\u00e1grima de amor!<\/em><br \/>\n<em>Mas que eu n\u00e3o morra sem conhecer o amor,<\/em><br \/>\n<em>Que eu n\u00e3o morra sem ver Oxum!<\/em><\/p>\n<p><em>Oxum \u00e9 \u00e1gua que aparta a morte<\/em><br \/>\n<em>Oxum melhora a cabe\u00e7a ruim<\/em><br \/>\n<em>A y\u00e9y\u00e9 orarei<\/em><br \/>\n<em>Bendita onda<\/em><br \/>\n<em>Que inunda a casa do traidor<\/em><\/p>\n<p><em>\u00d2\u00f3r\u00e9 yeye o!<\/em><\/p>\n<p>&nbsp;<\/p>\n\n<!-- Page-list plugin v.5.2 wordpress.org\/plugins\/page-list\/ -->\n<div class=\"page-list page-list-ext \">\n<div class=\"page-list-ext-item\"><div class=\"page-list-ext-image\"><a href=\"https:\/\/www.cejv.com.br\/site\/index.php\/os-orixas\/ewa\/\" title=\"Ew\u00e1\"><img src=\"https:\/\/www.cejv.com.br\/site\/wp-content\/uploads\/2013\/05\/350_quadro-Ewa1-150x150.jpg\" width=\"80\" alt=\"Ew\u00e1\" \/><\/a><\/div> <h3 class=\"page-list-ext-title\"><a href=\"https:\/\/www.cejv.com.br\/site\/index.php\/os-orixas\/ewa\/\" title=\"Ew\u00e1\">Ew\u00e1<\/a><\/h3><\/div>\n<div class=\"page-list-ext-item\"><div class=\"page-list-ext-image\"><a href=\"https:\/\/www.cejv.com.br\/site\/index.php\/os-orixas\/iansan\/\" title=\"Iansan\"><img src=\"https:\/\/www.cejv.com.br\/site\/wp-content\/uploads\/2013\/05\/350_quadro-iansa-150x150.jpg\" width=\"80\" alt=\"Iansan\" \/><\/a><\/div> <h3 class=\"page-list-ext-title\"><a href=\"https:\/\/www.cejv.com.br\/site\/index.php\/os-orixas\/iansan\/\" title=\"Iansan\">Iansan<\/a><\/h3><\/div>\n<div class=\"page-list-ext-item\"><div class=\"page-list-ext-image\"><a href=\"https:\/\/www.cejv.com.br\/site\/index.php\/os-orixas\/iemanja\/\" title=\"Iemanj\u00e1\"><img src=\"https:\/\/www.cejv.com.br\/site\/wp-content\/uploads\/2013\/05\/350_quadro-iemanja-150x150.jpg\" width=\"80\" alt=\"Iemanj\u00e1\" \/><\/a><\/div> <h3 class=\"page-list-ext-title\"><a href=\"https:\/\/www.cejv.com.br\/site\/index.php\/os-orixas\/iemanja\/\" title=\"Iemanj\u00e1\">Iemanj\u00e1<\/a><\/h3><\/div>\n<div class=\"page-list-ext-item\"><div class=\"page-list-ext-image\"><a href=\"https:\/\/www.cejv.com.br\/site\/index.php\/os-orixas\/nana\/\" title=\"Nan\u00e3\"><img src=\"https:\/\/www.cejv.com.br\/site\/wp-content\/uploads\/2013\/05\/350_quadro-nana-150x150.jpg\" width=\"80\" alt=\"Nan\u00e3\" \/><\/a><\/div> <h3 class=\"page-list-ext-title\"><a href=\"https:\/\/www.cejv.com.br\/site\/index.php\/os-orixas\/nana\/\" title=\"Nan\u00e3\">Nan\u00e3<\/a><\/h3><\/div>\n<div class=\"page-list-ext-item\"><div class=\"page-list-ext-image\"><a href=\"https:\/\/www.cejv.com.br\/site\/index.php\/os-orixas\/ogum\/\" title=\"Ogum\"><img src=\"https:\/\/www.cejv.com.br\/site\/wp-content\/uploads\/2013\/05\/350_quadro-ogum-150x150.jpg\" width=\"80\" alt=\"Ogum\" \/><\/a><\/div> <h3 class=\"page-list-ext-title\"><a href=\"https:\/\/www.cejv.com.br\/site\/index.php\/os-orixas\/ogum\/\" title=\"Ogum\">Ogum<\/a><\/h3><\/div>\n<div class=\"page-list-ext-item\"><div class=\"page-list-ext-image\"><a href=\"https:\/\/www.cejv.com.br\/site\/index.php\/os-orixas\/omulu\/\" title=\"Omulu\"><img src=\"https:\/\/www.cejv.com.br\/site\/wp-content\/uploads\/2013\/05\/350_quadro-omulu-150x150.jpg\" width=\"80\" alt=\"Omulu\" \/><\/a><\/div> <h3 class=\"page-list-ext-title\"><a href=\"https:\/\/www.cejv.com.br\/site\/index.php\/os-orixas\/omulu\/\" title=\"Omulu\">Omulu<\/a><\/h3><\/div>\n<div class=\"page-list-ext-item\"><div class=\"page-list-ext-image\"><a href=\"https:\/\/www.cejv.com.br\/site\/index.php\/os-orixas\/ossae\/\" title=\"Oss\u00e3e\"><img src=\"https:\/\/www.cejv.com.br\/site\/wp-content\/uploads\/2013\/05\/350_quadro-ossae-150x150.jpg\" width=\"80\" alt=\"Oss\u00e3e\" \/><\/a><\/div> <h3 class=\"page-list-ext-title\"><a href=\"https:\/\/www.cejv.com.br\/site\/index.php\/os-orixas\/ossae\/\" title=\"Oss\u00e3e\">Oss\u00e3e<\/a><\/h3><\/div>\n<div class=\"page-list-ext-item\"><div class=\"page-list-ext-image\"><a href=\"https:\/\/www.cejv.com.br\/site\/index.php\/os-orixas\/oxala\/\" title=\"Oxal\u00e1\"><img src=\"https:\/\/www.cejv.com.br\/site\/wp-content\/uploads\/2013\/06\/350_quadro-oxala-150x150.jpg\" width=\"80\" alt=\"Oxal\u00e1\" \/><\/a><\/div> <h3 class=\"page-list-ext-title\"><a href=\"https:\/\/www.cejv.com.br\/site\/index.php\/os-orixas\/oxala\/\" title=\"Oxal\u00e1\">Oxal\u00e1<\/a><\/h3><\/div>\n<div class=\"page-list-ext-item\"><div class=\"page-list-ext-image\"><a href=\"https:\/\/www.cejv.com.br\/site\/index.php\/os-orixas\/oxossi\/\" title=\"Oxossi\"><img src=\"https:\/\/www.cejv.com.br\/site\/wp-content\/uploads\/2013\/06\/quadro-oxossi-150x150.jpg\" width=\"80\" alt=\"Oxossi\" \/><\/a><\/div> <h3 class=\"page-list-ext-title\"><a href=\"https:\/\/www.cejv.com.br\/site\/index.php\/os-orixas\/oxossi\/\" title=\"Oxossi\">Oxossi<\/a><\/h3><\/div>\n<div class=\"page-list-ext-item\"><div class=\"page-list-ext-image\"><a href=\"https:\/\/www.cejv.com.br\/site\/index.php\/os-orixas\/oxum\/\" title=\"Oxum\"><img src=\"https:\/\/www.cejv.com.br\/site\/wp-content\/uploads\/2013\/06\/quadro-oxum-150x150.jpg\" width=\"80\" alt=\"Oxum\" \/><\/a><\/div> <h3 class=\"page-list-ext-title\"><a href=\"https:\/\/www.cejv.com.br\/site\/index.php\/os-orixas\/oxum\/\" title=\"Oxum\">Oxum<\/a><\/h3><\/div>\n<div class=\"page-list-ext-item\"><div class=\"page-list-ext-image\"><a href=\"https:\/\/www.cejv.com.br\/site\/index.php\/os-orixas\/oxumare\/\" title=\"Oxumar\u00ea\"><img src=\"https:\/\/www.cejv.com.br\/site\/wp-content\/uploads\/2013\/06\/quadro-oxumare-150x150.jpg\" width=\"80\" alt=\"Oxumar\u00ea\" \/><\/a><\/div> <h3 class=\"page-list-ext-title\"><a href=\"https:\/\/www.cejv.com.br\/site\/index.php\/os-orixas\/oxumare\/\" title=\"Oxumar\u00ea\">Oxumar\u00ea<\/a><\/h3><\/div>\n<div class=\"page-list-ext-item\"><div class=\"page-list-ext-image\"><a href=\"https:\/\/www.cejv.com.br\/site\/index.php\/os-orixas\/tempo\/\" title=\"Tempo\"><img src=\"https:\/\/www.cejv.com.br\/site\/wp-content\/uploads\/2013\/06\/350_quadro-Tempo-150x150.jpg\" width=\"80\" alt=\"Tempo\" \/><\/a><\/div> <h3 class=\"page-list-ext-title\"><a href=\"https:\/\/www.cejv.com.br\/site\/index.php\/os-orixas\/tempo\/\" title=\"Tempo\">Tempo<\/a><\/h3><\/div>\n<div class=\"page-list-ext-item\"><div class=\"page-list-ext-image\"><a href=\"https:\/\/www.cejv.com.br\/site\/index.php\/os-orixas\/xango\/\" title=\"Xang\u00f4\"><img src=\"https:\/\/www.cejv.com.br\/site\/wp-content\/uploads\/2013\/06\/350_quadro-xango-150x150.jpg\" width=\"80\" alt=\"Xang\u00f4\" \/><\/a><\/div> <h3 class=\"page-list-ext-title\"><a href=\"https:\/\/www.cejv.com.br\/site\/index.php\/os-orixas\/xango\/\" title=\"Xang\u00f4\">Xang\u00f4<\/a><\/h3><\/div>\n\n<\/div>\n","protected":false},"excerpt":{"rendered":"<p>Oxum \u00e9 a divindade das cachoeiras, fontes, lagos, e rios&#8230; <\/p>\n","protected":false},"author":1,"featured_media":3735,"parent":3572,"menu_order":0,"comment_status":"open","ping_status":"open","template":"","meta":[],"_links":{"self":[{"href":"https:\/\/www.cejv.com.br\/site\/index.php\/wp-json\/wp\/v2\/pages\/3734"}],"collection":[{"href":"https:\/\/www.cejv.com.br\/site\/index.php\/wp-json\/wp\/v2\/pages"}],"about":[{"href":"https:\/\/www.cejv.com.br\/site\/index.php\/wp-json\/wp\/v2\/types\/page"}],"author":[{"embeddable":true,"href":"https:\/\/www.cejv.com.br\/site\/index.php\/wp-json\/wp\/v2\/users\/1"}],"replies":[{"embeddable":true,"href":"https:\/\/www.cejv.com.br\/site\/index.php\/wp-json\/wp\/v2\/comments?post=3734"}],"version-history":[{"count":2,"href":"https:\/\/www.cejv.com.br\/site\/index.php\/wp-json\/wp\/v2\/pages\/3734\/revisions"}],"predecessor-version":[{"id":4361,"href":"https:\/\/www.cejv.com.br\/site\/index.php\/wp-json\/wp\/v2\/pages\/3734\/revisions\/4361"}],"up":[{"embeddable":true,"href":"https:\/\/www.cejv.com.br\/site\/index.php\/wp-json\/wp\/v2\/pages\/3572"}],"wp:featuredmedia":[{"embeddable":true,"href":"https:\/\/www.cejv.com.br\/site\/index.php\/wp-json\/wp\/v2\/media\/3735"}],"wp:attachment":[{"href":"https:\/\/www.cejv.com.br\/site\/index.php\/wp-json\/wp\/v2\/media?parent=3734"}],"curies":[{"name":"wp","href":"https:\/\/api.w.org\/{rel}","templated":true}]}}