{"id":3649,"date":"2013-05-24T23:54:42","date_gmt":"2013-05-24T23:54:42","guid":{"rendered":"http:\/\/www.cejv.com.br\/site\/?page_id=3649"},"modified":"2015-05-28T15:57:58","modified_gmt":"2015-05-28T15:57:58","slug":"omulu","status":"publish","type":"page","link":"https:\/\/www.cejv.com.br\/site\/index.php\/os-orixas\/omulu\/","title":{"rendered":"Omulu"},"content":{"rendered":"<p style=\"text-align: justify;\"><a href=\"http:\/\/www.cejv.com.br\/site\/wp-content\/uploads\/2013\/05\/quadro-omulu.jpg\" rel=\"lightbox[3649]\"><img loading=\"lazy\" class=\" size-medium wp-image-3650 alignleft\" src=\"http:\/\/www.cejv.com.br\/site\/wp-content\/uploads\/2013\/05\/quadro-omulu-225x300.jpg\" alt=\"quadro omulu\" width=\"225\" height=\"300\" srcset=\"https:\/\/www.cejv.com.br\/site\/wp-content\/uploads\/2013\/05\/quadro-omulu-225x300.jpg 225w, https:\/\/www.cejv.com.br\/site\/wp-content\/uploads\/2013\/05\/quadro-omulu.jpg 550w\" sizes=\"(max-width: 225px) 100vw, 225px\" \/><\/a><br \/>\nPor ser o orix\u00e1 das doen\u00e7as contagiosas, das dores, do desconforto, da morte e tamb\u00e9m da cura, Omulu \u00e9 o mais temido\u00a0de todos os deuses africanos. \u00c9 tamb\u00e9m conhecido pelo t\u00edtulo de Obaluai\u00ea, express\u00e3o formada pela jun\u00e7\u00e3o de tr\u00eas\u00a0palavras: Ob\u00e1 (rei) + Olu (senhor) + Aiy\u00e9 (terra) e que significa \u201cRei e Senhor da Terra\u201d.<\/p>\n<p style=\"text-align: justify;\">Omulu \u00e9 Obaluai\u00ea, \u00e9 o Rei e Senhor da Terra, \u00e9 a pr\u00f3pria terra, est\u00e1 intimamente ligado \u00e0 terra e \u00e0s suas camadas\u00a0interiores. Esta sua liga\u00e7\u00e3o com o interior da terra lhe d\u00e1 uma \u00edntima rela\u00e7\u00e3o com o fogo que domina as camadas\u00a0mais profundas do planeta, que movimenta e forma a lava dos vulc\u00f5es. Devastador como as epidemias, as febres, as\u00a0convuls\u00f5es e como os tremores de terra, Omulu ficou conhecido como \u201corix\u00e1 que mata e come gente\u201d em uma alus\u00e3o\u00a0sua liga\u00e7\u00e3o com a morte e com a terra que consome o corpo.<\/p>\n<p style=\"text-align: justify;\">Orix\u00e1 cercado de mist\u00e9rios, sua sauda\u00e7\u00e3o \u00e9 Atoto\u00f3! O que significa: \u201cSil\u00eancio!\u201d Segundo a lenda nasceu com o corpo\u00a0coberto de feridas e por isto sua m\u00e3e, Nan\u00e3, o entregou \u00e0 Iemanj\u00e1 para que esta o criasse. Iemanj\u00e1 tratou e curou\u00a0seus ferimentos, o criou e o transformou em um grande e h\u00e1bil guerreiro. Omulu se cobre com uma roupa de palha da\u00a0costa, chamado az\u00ea que guarda mist\u00e9rios inexplic\u00e1veis para os simples mortais e que indica a exist\u00eancia de algo\u00a0que deve ficar em segredo. Desvendar o az\u00ea, seria o mesmo que desvendar os mist\u00e9rios de Omulu pois, embaixo da\u00a0palha da costa, ele guarda os segredos da morte e do renascimento.<\/p>\n<p style=\"text-align: justify;\">O culto a Omulu \u00e9 anterior \u00e0 Idade dos Metais, por isto ele tornou-se o m\u00e9dico dos pobres pois muito antes do\u00a0advento da ci\u00eancia ele j\u00e1 salvava a vida dos desvalidos. Omulu \u00e9 o orix\u00e1 das doen\u00e7as, mas tamb\u00e9m det\u00e9m o poder\u00a0de sua cura. Sincretizado com S\u00e3o Roque e com S\u00e3o L\u00e1zaro, \u00e9 homenageado nos dias 16 de agosto e 17 de dezembro\u00a0respectivamente.<\/p>\n<p style=\"text-align: justify;\">As pessoas acostumaram-se a lembrar de Omulu como o orix\u00e1 das doen\u00e7as e esqueceram-se de que ele \u00e9 tamb\u00e9m um orix\u00e1\u00a0de riqueza e prosperidade, de acordo com um de seus oriquis (versos sagrados) Omulu \u201cdorme sobre o dinheiro e mede\u00a0suas p\u00e9rolas em caldeir\u00f5es\u201d. O respeito ao poder de Omulu \u00e9 demonstrado na tradu\u00e7\u00e3o de um de seus oriquis\u00a0(versos sagrados)<\/p>\n<p><em>Obaluai\u00ea: Rei, Senhor da Terra<\/em><br \/>\n<em>Para o qual n\u00e3o podemos olhar,<\/em><br \/>\n<em>Mas que nos olha todo o tempo.<\/em><br \/>\n<em>Orix\u00e1 de muitas caba\u00e7as,<\/em><br \/>\n<em>Onde carrega feiti\u00e7os para nos curar.<\/em><br \/>\n<em>Orix\u00e1 que mata e come gente.<\/em><br \/>\n<em>Respeitamos e cultuamos Omulu,<\/em><br \/>\n<em>O filho do senhor, o senhor da sorte,<\/em><br \/>\n<em>Da riqueza, da fartura,<\/em><br \/>\n<em>Oh Terra! Em ti nos prostramos.<\/em><br \/>\n<em>Levamos nossa cabe\u00e7a ao ch\u00e3o<\/em><br \/>\n<em>Para pedir sa\u00fade a Omulu,<\/em><br \/>\n<em>Para pedir vida \u00e0 Terra<\/em><\/p>\n<p><em>Atoto\u00f3!<\/em><\/p>\n\n<!-- Page-list plugin v.5.2 wordpress.org\/plugins\/page-list\/ -->\n<div class=\"page-list page-list-ext \">\n<div class=\"page-list-ext-item\"><div class=\"page-list-ext-image\"><a href=\"https:\/\/www.cejv.com.br\/site\/index.php\/os-orixas\/ewa\/\" title=\"Ew\u00e1\"><img src=\"https:\/\/www.cejv.com.br\/site\/wp-content\/uploads\/2013\/05\/350_quadro-Ewa1-150x150.jpg\" width=\"80\" alt=\"Ew\u00e1\" \/><\/a><\/div> <h3 class=\"page-list-ext-title\"><a href=\"https:\/\/www.cejv.com.br\/site\/index.php\/os-orixas\/ewa\/\" title=\"Ew\u00e1\">Ew\u00e1<\/a><\/h3><\/div>\n<div class=\"page-list-ext-item\"><div class=\"page-list-ext-image\"><a href=\"https:\/\/www.cejv.com.br\/site\/index.php\/os-orixas\/iansan\/\" title=\"Iansan\"><img src=\"https:\/\/www.cejv.com.br\/site\/wp-content\/uploads\/2013\/05\/350_quadro-iansa-150x150.jpg\" width=\"80\" alt=\"Iansan\" \/><\/a><\/div> <h3 class=\"page-list-ext-title\"><a href=\"https:\/\/www.cejv.com.br\/site\/index.php\/os-orixas\/iansan\/\" title=\"Iansan\">Iansan<\/a><\/h3><\/div>\n<div class=\"page-list-ext-item\"><div class=\"page-list-ext-image\"><a href=\"https:\/\/www.cejv.com.br\/site\/index.php\/os-orixas\/iemanja\/\" title=\"Iemanj\u00e1\"><img src=\"https:\/\/www.cejv.com.br\/site\/wp-content\/uploads\/2013\/05\/350_quadro-iemanja-150x150.jpg\" width=\"80\" alt=\"Iemanj\u00e1\" \/><\/a><\/div> <h3 class=\"page-list-ext-title\"><a href=\"https:\/\/www.cejv.com.br\/site\/index.php\/os-orixas\/iemanja\/\" title=\"Iemanj\u00e1\">Iemanj\u00e1<\/a><\/h3><\/div>\n<div class=\"page-list-ext-item\"><div class=\"page-list-ext-image\"><a href=\"https:\/\/www.cejv.com.br\/site\/index.php\/os-orixas\/nana\/\" title=\"Nan\u00e3\"><img src=\"https:\/\/www.cejv.com.br\/site\/wp-content\/uploads\/2013\/05\/350_quadro-nana-150x150.jpg\" width=\"80\" alt=\"Nan\u00e3\" \/><\/a><\/div> <h3 class=\"page-list-ext-title\"><a href=\"https:\/\/www.cejv.com.br\/site\/index.php\/os-orixas\/nana\/\" title=\"Nan\u00e3\">Nan\u00e3<\/a><\/h3><\/div>\n<div class=\"page-list-ext-item\"><div class=\"page-list-ext-image\"><a href=\"https:\/\/www.cejv.com.br\/site\/index.php\/os-orixas\/ogum\/\" title=\"Ogum\"><img src=\"https:\/\/www.cejv.com.br\/site\/wp-content\/uploads\/2013\/05\/350_quadro-ogum-150x150.jpg\" width=\"80\" alt=\"Ogum\" \/><\/a><\/div> <h3 class=\"page-list-ext-title\"><a href=\"https:\/\/www.cejv.com.br\/site\/index.php\/os-orixas\/ogum\/\" title=\"Ogum\">Ogum<\/a><\/h3><\/div>\n<div class=\"page-list-ext-item\"><div class=\"page-list-ext-image\"><a href=\"https:\/\/www.cejv.com.br\/site\/index.php\/os-orixas\/omulu\/\" title=\"Omulu\"><img src=\"https:\/\/www.cejv.com.br\/site\/wp-content\/uploads\/2013\/05\/350_quadro-omulu-150x150.jpg\" width=\"80\" alt=\"Omulu\" \/><\/a><\/div> <h3 class=\"page-list-ext-title\"><a href=\"https:\/\/www.cejv.com.br\/site\/index.php\/os-orixas\/omulu\/\" title=\"Omulu\">Omulu<\/a><\/h3><\/div>\n<div class=\"page-list-ext-item\"><div class=\"page-list-ext-image\"><a href=\"https:\/\/www.cejv.com.br\/site\/index.php\/os-orixas\/ossae\/\" title=\"Oss\u00e3e\"><img src=\"https:\/\/www.cejv.com.br\/site\/wp-content\/uploads\/2013\/05\/350_quadro-ossae-150x150.jpg\" width=\"80\" alt=\"Oss\u00e3e\" \/><\/a><\/div> <h3 class=\"page-list-ext-title\"><a href=\"https:\/\/www.cejv.com.br\/site\/index.php\/os-orixas\/ossae\/\" title=\"Oss\u00e3e\">Oss\u00e3e<\/a><\/h3><\/div>\n<div class=\"page-list-ext-item\"><div class=\"page-list-ext-image\"><a href=\"https:\/\/www.cejv.com.br\/site\/index.php\/os-orixas\/oxala\/\" title=\"Oxal\u00e1\"><img src=\"https:\/\/www.cejv.com.br\/site\/wp-content\/uploads\/2013\/06\/350_quadro-oxala-150x150.jpg\" width=\"80\" alt=\"Oxal\u00e1\" \/><\/a><\/div> <h3 class=\"page-list-ext-title\"><a href=\"https:\/\/www.cejv.com.br\/site\/index.php\/os-orixas\/oxala\/\" title=\"Oxal\u00e1\">Oxal\u00e1<\/a><\/h3><\/div>\n<div class=\"page-list-ext-item\"><div class=\"page-list-ext-image\"><a href=\"https:\/\/www.cejv.com.br\/site\/index.php\/os-orixas\/oxossi\/\" title=\"Oxossi\"><img src=\"https:\/\/www.cejv.com.br\/site\/wp-content\/uploads\/2013\/06\/quadro-oxossi-150x150.jpg\" width=\"80\" alt=\"Oxossi\" \/><\/a><\/div> <h3 class=\"page-list-ext-title\"><a href=\"https:\/\/www.cejv.com.br\/site\/index.php\/os-orixas\/oxossi\/\" title=\"Oxossi\">Oxossi<\/a><\/h3><\/div>\n<div class=\"page-list-ext-item\"><div class=\"page-list-ext-image\"><a href=\"https:\/\/www.cejv.com.br\/site\/index.php\/os-orixas\/oxum\/\" title=\"Oxum\"><img src=\"https:\/\/www.cejv.com.br\/site\/wp-content\/uploads\/2013\/06\/quadro-oxum-150x150.jpg\" width=\"80\" alt=\"Oxum\" \/><\/a><\/div> <h3 class=\"page-list-ext-title\"><a href=\"https:\/\/www.cejv.com.br\/site\/index.php\/os-orixas\/oxum\/\" title=\"Oxum\">Oxum<\/a><\/h3><\/div>\n<div class=\"page-list-ext-item\"><div class=\"page-list-ext-image\"><a href=\"https:\/\/www.cejv.com.br\/site\/index.php\/os-orixas\/oxumare\/\" title=\"Oxumar\u00ea\"><img src=\"https:\/\/www.cejv.com.br\/site\/wp-content\/uploads\/2013\/06\/quadro-oxumare-150x150.jpg\" width=\"80\" alt=\"Oxumar\u00ea\" \/><\/a><\/div> <h3 class=\"page-list-ext-title\"><a href=\"https:\/\/www.cejv.com.br\/site\/index.php\/os-orixas\/oxumare\/\" title=\"Oxumar\u00ea\">Oxumar\u00ea<\/a><\/h3><\/div>\n<div class=\"page-list-ext-item\"><div class=\"page-list-ext-image\"><a href=\"https:\/\/www.cejv.com.br\/site\/index.php\/os-orixas\/tempo\/\" title=\"Tempo\"><img src=\"https:\/\/www.cejv.com.br\/site\/wp-content\/uploads\/2013\/06\/350_quadro-Tempo-150x150.jpg\" width=\"80\" alt=\"Tempo\" \/><\/a><\/div> <h3 class=\"page-list-ext-title\"><a href=\"https:\/\/www.cejv.com.br\/site\/index.php\/os-orixas\/tempo\/\" title=\"Tempo\">Tempo<\/a><\/h3><\/div>\n<div class=\"page-list-ext-item\"><div class=\"page-list-ext-image\"><a href=\"https:\/\/www.cejv.com.br\/site\/index.php\/os-orixas\/xango\/\" title=\"Xang\u00f4\"><img src=\"https:\/\/www.cejv.com.br\/site\/wp-content\/uploads\/2013\/06\/350_quadro-xango-150x150.jpg\" width=\"80\" alt=\"Xang\u00f4\" \/><\/a><\/div> <h3 class=\"page-list-ext-title\"><a href=\"https:\/\/www.cejv.com.br\/site\/index.php\/os-orixas\/xango\/\" title=\"Xang\u00f4\">Xang\u00f4<\/a><\/h3><\/div>\n\n<\/div>\n<p><strong>Outros Orix\u00e1s<\/strong><\/p>\n\n<!-- Page-list plugin v.5.2 wordpress.org\/plugins\/page-list\/ -->\n<div class=\"page-list page-list-ext \">\n<div class=\"page-list-ext-item\"><div class=\"page-list-ext-image\"><a href=\"https:\/\/www.cejv.com.br\/site\/index.php\/outros-orixas\/oba\/\" title=\"Ob\u00e1\"><img src=\"https:\/\/www.cejv.com.br\/site\/wp-content\/uploads\/2013\/05\/site_oba_3a1-150x150.jpeg\" width=\"80\" alt=\"Ob\u00e1\" \/><\/a><\/div> <h3 class=\"page-list-ext-title\"><a href=\"https:\/\/www.cejv.com.br\/site\/index.php\/outros-orixas\/oba\/\" title=\"Ob\u00e1\">Ob\u00e1<\/a><\/h3><\/div>\n<div class=\"page-list-ext-item\"><h3 class=\"page-list-ext-title\"><a href=\"https:\/\/www.cejv.com.br\/site\/index.php\/outros-orixas\/oduduwa\/\" title=\"Oduduwa\">Oduduwa<\/a><\/h3><\/div>\n<div class=\"page-list-ext-item\"><h3 class=\"page-list-ext-title\"><a href=\"https:\/\/www.cejv.com.br\/site\/index.php\/outros-orixas\/logun-ede\/\" title=\"Logun Ed\u00e9\">Logun Ed\u00e9<\/a><\/h3><\/div>\n<div class=\"page-list-ext-item\"><h3 class=\"page-list-ext-title\"><a href=\"https:\/\/www.cejv.com.br\/site\/index.php\/outros-orixas\/exu\/\" title=\"Exu\">Exu<\/a><\/h3><\/div>\n\n<\/div>\n<p>&nbsp;<\/p>\n","protected":false},"excerpt":{"rendered":"<p>Por ser o orix\u00e1 das doen\u00e7as contagiosas, das dores, do&#8230; <\/p>\n","protected":false},"author":1,"featured_media":3775,"parent":3572,"menu_order":0,"comment_status":"open","ping_status":"open","template":"","meta":[],"_links":{"self":[{"href":"https:\/\/www.cejv.com.br\/site\/index.php\/wp-json\/wp\/v2\/pages\/3649"}],"collection":[{"href":"https:\/\/www.cejv.com.br\/site\/index.php\/wp-json\/wp\/v2\/pages"}],"about":[{"href":"https:\/\/www.cejv.com.br\/site\/index.php\/wp-json\/wp\/v2\/types\/page"}],"author":[{"embeddable":true,"href":"https:\/\/www.cejv.com.br\/site\/index.php\/wp-json\/wp\/v2\/users\/1"}],"replies":[{"embeddable":true,"href":"https:\/\/www.cejv.com.br\/site\/index.php\/wp-json\/wp\/v2\/comments?post=3649"}],"version-history":[{"count":2,"href":"https:\/\/www.cejv.com.br\/site\/index.php\/wp-json\/wp\/v2\/pages\/3649\/revisions"}],"predecessor-version":[{"id":4348,"href":"https:\/\/www.cejv.com.br\/site\/index.php\/wp-json\/wp\/v2\/pages\/3649\/revisions\/4348"}],"up":[{"embeddable":true,"href":"https:\/\/www.cejv.com.br\/site\/index.php\/wp-json\/wp\/v2\/pages\/3572"}],"wp:featuredmedia":[{"embeddable":true,"href":"https:\/\/www.cejv.com.br\/site\/index.php\/wp-json\/wp\/v2\/media\/3775"}],"wp:attachment":[{"href":"https:\/\/www.cejv.com.br\/site\/index.php\/wp-json\/wp\/v2\/media?parent=3649"}],"curies":[{"name":"wp","href":"https:\/\/api.w.org\/{rel}","templated":true}]}}