{"id":3640,"date":"2013-05-24T23:50:26","date_gmt":"2013-05-24T23:50:26","guid":{"rendered":"http:\/\/www.cejv.com.br\/site\/?page_id=3640"},"modified":"2015-05-28T15:50:28","modified_gmt":"2015-05-28T15:50:28","slug":"nana","status":"publish","type":"page","link":"https:\/\/www.cejv.com.br\/site\/index.php\/os-orixas\/nana\/","title":{"rendered":"Nan\u00e3"},"content":{"rendered":"<p style=\"text-align: justify;\"><img loading=\"lazy\" class=\" alignleft\" src=\"http:\/\/www.cejv.com.br\/imagens\/350_quadro%20nan%E3.jpg\" alt=\"\" width=\"246\" height=\"327\" \/><br \/>\nNan\u00e3 \u00e9 uma divindade de origem Jeje que foi assimilada pela cultura Yorub\u00e1. Orix\u00e1 feminino, considerada como o mais\u00a0velho dos orix\u00e1s. \u00c9 o princ\u00edpio feminino ligado \u00e0 lama, \u00e0 mistura dos elementos terra e \u00e1gua, a mat\u00e9ria-prima com\u00a0que Obatal\u00e1 criou os homens. Seu culto remonta aos tempos anteriores ao uso dos metais pelo homem.<\/p>\n<p style=\"text-align: justify;\">Est\u00e1 presente na chuva, no sereno, nos p\u00e2ntanos e no movimento impercept\u00edvel das \u00e1guas. Nan\u00e3 \u00e9 a sabedoria\u00a0adquirida atrav\u00e9s do tempo, \u00e9 a exist\u00eancia acompanhada pela experi\u00eancia. Ela \u00e9 a regente dos gr\u00e3os e das\u00a0sementes, senhora da harmonia entre o homem e a terra. \u201cQuando esperamos ouvi-la, ela se cala, mas, quando\u00a0sua voz se ergue, suave e intensa como o sereno das tardes de inverno, paramos e suas palavras calam a multid\u00e3o,\u00a0apagando a ang\u00fastia e preenchendo os cora\u00e7\u00f5es com do\u00e7ura. Nan\u00e3 cala e os velhos despertam; Nan\u00e3 fala e as\u00a0crian\u00e7as adormecem. Ela \u00e9 a perfei\u00e7\u00e3o da vida, refletida na sabedoria de longos anos bem vividos.\u201d.1<\/p>\n<p style=\"text-align: justify;\">Ela \u00e9 a divindade que controla a passagem, a fronteira entre a vida e a morte. \u00c9 o encantamento da pr\u00f3pria\u00a0morte. Tornou-se a dona da morte e a ela s\u00e3o endere\u00e7ados os pedidos de vida longa e pr\u00f3spera. Vibra na cor\u00a0roxa e seu sincretismo \u00e9 feito com Sant\u2019Ana\u00a01. Trecho extra\u00eddo do livro \u201cACA\u00c7\u00c1- Onde tudo come\u00e7ou\u201d de Pai Cido de \u00d2sun Ey\u00edn, Editora ARX<\/p>\n<p>&nbsp;<\/p>\n<p>&nbsp;<\/p>\n<p>&nbsp;<\/p>\n<p>&nbsp;<\/p>\n\n<!-- Page-list plugin v.5.2 wordpress.org\/plugins\/page-list\/ -->\n<div class=\"page-list page-list-ext \">\n<div class=\"page-list-ext-item\"><div class=\"page-list-ext-image\"><a href=\"https:\/\/www.cejv.com.br\/site\/index.php\/os-orixas\/ewa\/\" title=\"Ew\u00e1\"><img src=\"https:\/\/www.cejv.com.br\/site\/wp-content\/uploads\/2013\/05\/350_quadro-Ewa1-150x150.jpg\" width=\"80\" alt=\"Ew\u00e1\" \/><\/a><\/div> <h3 class=\"page-list-ext-title\"><a href=\"https:\/\/www.cejv.com.br\/site\/index.php\/os-orixas\/ewa\/\" title=\"Ew\u00e1\">Ew\u00e1<\/a><\/h3><\/div>\n<div class=\"page-list-ext-item\"><div class=\"page-list-ext-image\"><a href=\"https:\/\/www.cejv.com.br\/site\/index.php\/os-orixas\/iansan\/\" title=\"Iansan\"><img src=\"https:\/\/www.cejv.com.br\/site\/wp-content\/uploads\/2013\/05\/350_quadro-iansa-150x150.jpg\" width=\"80\" alt=\"Iansan\" \/><\/a><\/div> <h3 class=\"page-list-ext-title\"><a href=\"https:\/\/www.cejv.com.br\/site\/index.php\/os-orixas\/iansan\/\" title=\"Iansan\">Iansan<\/a><\/h3><\/div>\n<div class=\"page-list-ext-item\"><div class=\"page-list-ext-image\"><a href=\"https:\/\/www.cejv.com.br\/site\/index.php\/os-orixas\/iemanja\/\" title=\"Iemanj\u00e1\"><img src=\"https:\/\/www.cejv.com.br\/site\/wp-content\/uploads\/2013\/05\/350_quadro-iemanja-150x150.jpg\" width=\"80\" alt=\"Iemanj\u00e1\" \/><\/a><\/div> <h3 class=\"page-list-ext-title\"><a href=\"https:\/\/www.cejv.com.br\/site\/index.php\/os-orixas\/iemanja\/\" title=\"Iemanj\u00e1\">Iemanj\u00e1<\/a><\/h3><\/div>\n<div class=\"page-list-ext-item\"><div class=\"page-list-ext-image\"><a href=\"https:\/\/www.cejv.com.br\/site\/index.php\/os-orixas\/nana\/\" title=\"Nan\u00e3\"><img src=\"https:\/\/www.cejv.com.br\/site\/wp-content\/uploads\/2013\/05\/350_quadro-nana-150x150.jpg\" width=\"80\" alt=\"Nan\u00e3\" \/><\/a><\/div> <h3 class=\"page-list-ext-title\"><a href=\"https:\/\/www.cejv.com.br\/site\/index.php\/os-orixas\/nana\/\" title=\"Nan\u00e3\">Nan\u00e3<\/a><\/h3><\/div>\n<div class=\"page-list-ext-item\"><div class=\"page-list-ext-image\"><a href=\"https:\/\/www.cejv.com.br\/site\/index.php\/os-orixas\/ogum\/\" title=\"Ogum\"><img src=\"https:\/\/www.cejv.com.br\/site\/wp-content\/uploads\/2013\/05\/350_quadro-ogum-150x150.jpg\" width=\"80\" alt=\"Ogum\" \/><\/a><\/div> <h3 class=\"page-list-ext-title\"><a href=\"https:\/\/www.cejv.com.br\/site\/index.php\/os-orixas\/ogum\/\" title=\"Ogum\">Ogum<\/a><\/h3><\/div>\n<div class=\"page-list-ext-item\"><div class=\"page-list-ext-image\"><a href=\"https:\/\/www.cejv.com.br\/site\/index.php\/os-orixas\/omulu\/\" title=\"Omulu\"><img src=\"https:\/\/www.cejv.com.br\/site\/wp-content\/uploads\/2013\/05\/350_quadro-omulu-150x150.jpg\" width=\"80\" alt=\"Omulu\" \/><\/a><\/div> <h3 class=\"page-list-ext-title\"><a href=\"https:\/\/www.cejv.com.br\/site\/index.php\/os-orixas\/omulu\/\" title=\"Omulu\">Omulu<\/a><\/h3><\/div>\n<div class=\"page-list-ext-item\"><div class=\"page-list-ext-image\"><a href=\"https:\/\/www.cejv.com.br\/site\/index.php\/os-orixas\/ossae\/\" title=\"Oss\u00e3e\"><img src=\"https:\/\/www.cejv.com.br\/site\/wp-content\/uploads\/2013\/05\/350_quadro-ossae-150x150.jpg\" width=\"80\" alt=\"Oss\u00e3e\" \/><\/a><\/div> <h3 class=\"page-list-ext-title\"><a href=\"https:\/\/www.cejv.com.br\/site\/index.php\/os-orixas\/ossae\/\" title=\"Oss\u00e3e\">Oss\u00e3e<\/a><\/h3><\/div>\n<div class=\"page-list-ext-item\"><div class=\"page-list-ext-image\"><a href=\"https:\/\/www.cejv.com.br\/site\/index.php\/os-orixas\/oxala\/\" title=\"Oxal\u00e1\"><img src=\"https:\/\/www.cejv.com.br\/site\/wp-content\/uploads\/2013\/06\/350_quadro-oxala-150x150.jpg\" width=\"80\" alt=\"Oxal\u00e1\" \/><\/a><\/div> <h3 class=\"page-list-ext-title\"><a href=\"https:\/\/www.cejv.com.br\/site\/index.php\/os-orixas\/oxala\/\" title=\"Oxal\u00e1\">Oxal\u00e1<\/a><\/h3><\/div>\n<div class=\"page-list-ext-item\"><div class=\"page-list-ext-image\"><a href=\"https:\/\/www.cejv.com.br\/site\/index.php\/os-orixas\/oxossi\/\" title=\"Oxossi\"><img src=\"https:\/\/www.cejv.com.br\/site\/wp-content\/uploads\/2013\/06\/quadro-oxossi-150x150.jpg\" width=\"80\" alt=\"Oxossi\" \/><\/a><\/div> <h3 class=\"page-list-ext-title\"><a href=\"https:\/\/www.cejv.com.br\/site\/index.php\/os-orixas\/oxossi\/\" title=\"Oxossi\">Oxossi<\/a><\/h3><\/div>\n<div class=\"page-list-ext-item\"><div class=\"page-list-ext-image\"><a href=\"https:\/\/www.cejv.com.br\/site\/index.php\/os-orixas\/oxum\/\" title=\"Oxum\"><img src=\"https:\/\/www.cejv.com.br\/site\/wp-content\/uploads\/2013\/06\/quadro-oxum-150x150.jpg\" width=\"80\" alt=\"Oxum\" \/><\/a><\/div> <h3 class=\"page-list-ext-title\"><a href=\"https:\/\/www.cejv.com.br\/site\/index.php\/os-orixas\/oxum\/\" title=\"Oxum\">Oxum<\/a><\/h3><\/div>\n<div class=\"page-list-ext-item\"><div class=\"page-list-ext-image\"><a href=\"https:\/\/www.cejv.com.br\/site\/index.php\/os-orixas\/oxumare\/\" title=\"Oxumar\u00ea\"><img src=\"https:\/\/www.cejv.com.br\/site\/wp-content\/uploads\/2013\/06\/quadro-oxumare-150x150.jpg\" width=\"80\" alt=\"Oxumar\u00ea\" \/><\/a><\/div> <h3 class=\"page-list-ext-title\"><a href=\"https:\/\/www.cejv.com.br\/site\/index.php\/os-orixas\/oxumare\/\" title=\"Oxumar\u00ea\">Oxumar\u00ea<\/a><\/h3><\/div>\n<div class=\"page-list-ext-item\"><div class=\"page-list-ext-image\"><a href=\"https:\/\/www.cejv.com.br\/site\/index.php\/os-orixas\/tempo\/\" title=\"Tempo\"><img src=\"https:\/\/www.cejv.com.br\/site\/wp-content\/uploads\/2013\/06\/350_quadro-Tempo-150x150.jpg\" width=\"80\" alt=\"Tempo\" \/><\/a><\/div> <h3 class=\"page-list-ext-title\"><a href=\"https:\/\/www.cejv.com.br\/site\/index.php\/os-orixas\/tempo\/\" title=\"Tempo\">Tempo<\/a><\/h3><\/div>\n<div class=\"page-list-ext-item\"><div class=\"page-list-ext-image\"><a href=\"https:\/\/www.cejv.com.br\/site\/index.php\/os-orixas\/xango\/\" title=\"Xang\u00f4\"><img src=\"https:\/\/www.cejv.com.br\/site\/wp-content\/uploads\/2013\/06\/350_quadro-xango-150x150.jpg\" width=\"80\" alt=\"Xang\u00f4\" \/><\/a><\/div> <h3 class=\"page-list-ext-title\"><a href=\"https:\/\/www.cejv.com.br\/site\/index.php\/os-orixas\/xango\/\" title=\"Xang\u00f4\">Xang\u00f4<\/a><\/h3><\/div>\n\n<\/div>\n<p><strong>Outros Orix\u00e1s<\/strong><\/p>\n\n<!-- Page-list plugin v.5.2 wordpress.org\/plugins\/page-list\/ -->\n<div class=\"page-list page-list-ext \">\n<div class=\"page-list-ext-item\"><div class=\"page-list-ext-image\"><a href=\"https:\/\/www.cejv.com.br\/site\/index.php\/outros-orixas\/oba\/\" title=\"Ob\u00e1\"><img src=\"https:\/\/www.cejv.com.br\/site\/wp-content\/uploads\/2013\/05\/site_oba_3a1-150x150.jpeg\" width=\"80\" alt=\"Ob\u00e1\" \/><\/a><\/div> <h3 class=\"page-list-ext-title\"><a href=\"https:\/\/www.cejv.com.br\/site\/index.php\/outros-orixas\/oba\/\" title=\"Ob\u00e1\">Ob\u00e1<\/a><\/h3><\/div>\n<div class=\"page-list-ext-item\"><h3 class=\"page-list-ext-title\"><a href=\"https:\/\/www.cejv.com.br\/site\/index.php\/outros-orixas\/oduduwa\/\" title=\"Oduduwa\">Oduduwa<\/a><\/h3><\/div>\n<div class=\"page-list-ext-item\"><h3 class=\"page-list-ext-title\"><a href=\"https:\/\/www.cejv.com.br\/site\/index.php\/outros-orixas\/logun-ede\/\" title=\"Logun Ed\u00e9\">Logun Ed\u00e9<\/a><\/h3><\/div>\n<div class=\"page-list-ext-item\"><h3 class=\"page-list-ext-title\"><a href=\"https:\/\/www.cejv.com.br\/site\/index.php\/outros-orixas\/exu\/\" title=\"Exu\">Exu<\/a><\/h3><\/div>\n\n<\/div>\n","protected":false},"excerpt":{"rendered":"<p>Nan\u00e3 \u00e9 uma divindade de origem Jeje que foi assimilada&#8230; <\/p>\n","protected":false},"author":1,"featured_media":3720,"parent":3572,"menu_order":0,"comment_status":"open","ping_status":"open","template":"","meta":[],"_links":{"self":[{"href":"https:\/\/www.cejv.com.br\/site\/index.php\/wp-json\/wp\/v2\/pages\/3640"}],"collection":[{"href":"https:\/\/www.cejv.com.br\/site\/index.php\/wp-json\/wp\/v2\/pages"}],"about":[{"href":"https:\/\/www.cejv.com.br\/site\/index.php\/wp-json\/wp\/v2\/types\/page"}],"author":[{"embeddable":true,"href":"https:\/\/www.cejv.com.br\/site\/index.php\/wp-json\/wp\/v2\/users\/1"}],"replies":[{"embeddable":true,"href":"https:\/\/www.cejv.com.br\/site\/index.php\/wp-json\/wp\/v2\/comments?post=3640"}],"version-history":[{"count":4,"href":"https:\/\/www.cejv.com.br\/site\/index.php\/wp-json\/wp\/v2\/pages\/3640\/revisions"}],"predecessor-version":[{"id":4344,"href":"https:\/\/www.cejv.com.br\/site\/index.php\/wp-json\/wp\/v2\/pages\/3640\/revisions\/4344"}],"up":[{"embeddable":true,"href":"https:\/\/www.cejv.com.br\/site\/index.php\/wp-json\/wp\/v2\/pages\/3572"}],"wp:featuredmedia":[{"embeddable":true,"href":"https:\/\/www.cejv.com.br\/site\/index.php\/wp-json\/wp\/v2\/media\/3720"}],"wp:attachment":[{"href":"https:\/\/www.cejv.com.br\/site\/index.php\/wp-json\/wp\/v2\/media?parent=3640"}],"curies":[{"name":"wp","href":"https:\/\/api.w.org\/{rel}","templated":true}]}}