{"id":3632,"date":"2013-05-24T23:01:25","date_gmt":"2013-05-24T23:01:25","guid":{"rendered":"http:\/\/www.cejv.com.br\/site\/?page_id=3632"},"modified":"2015-05-28T15:40:05","modified_gmt":"2015-05-28T15:40:05","slug":"iemanja","status":"publish","type":"page","link":"https:\/\/www.cejv.com.br\/site\/index.php\/os-orixas\/iemanja\/","title":{"rendered":"Iemanj\u00e1"},"content":{"rendered":"<p style=\"text-align: justify;\"><a href=\"http:\/\/www.cejv.com.br\/site\/wp-content\/uploads\/2013\/05\/quadro-iemanja.jpg\" rel=\"lightbox[3632]\"><img loading=\"lazy\" class=\" size-medium wp-image-3634 alignleft\" src=\"http:\/\/www.cejv.com.br\/site\/wp-content\/uploads\/2013\/05\/quadro-iemanja-225x300.jpg\" alt=\"quadro iemanja\" width=\"225\" height=\"300\" srcset=\"https:\/\/www.cejv.com.br\/site\/wp-content\/uploads\/2013\/05\/quadro-iemanja-225x300.jpg 225w, https:\/\/www.cejv.com.br\/site\/wp-content\/uploads\/2013\/05\/quadro-iemanja.jpg 550w\" sizes=\"(max-width: 225px) 100vw, 225px\" \/><\/a>\u00a0 \u00a0 \u00a0Iemanj\u00e1 \u00e9 um dos orix\u00e1s mais populares dos cultos afrodescendentes. \u00c9 a senhora de todas as \u00e1guas do mundo,\u00a0sejam as \u00e1guas dos rios ou as \u00e1guas do mar. Seu nome \u00e9 derivado da express\u00e3o yorub\u00e1: Y\u00e8y\u00e9 omo ej\u00e1, que\u00a0significa \u201cM\u00e3e cujos filhos s\u00e3o peixes.\u201d<\/p>\n<p style=\"text-align: justify;\">\u00a0 \u00a0 \u00a0No Brasil Iemanj\u00e1 \u00e9 cultuada como a rainha do mar, entretanto originalmente na \u00c1frica Iemanj\u00e1 era cultuada\u00a0como divindade de um rio que leva o seu nome. \u00c9 por isto que sua sauda\u00e7\u00e3o \u00e9: Od\u00f2 Iy\u00e1, que significa\u00a0\u201cM\u00e3e do rio\u201d ou ent\u00e3o \u00c8\u00e9r\u00fa Iy\u00e1 , uma sauda\u00e7\u00e3o que faz alus\u00e3o \u00e0 espuma que se forma quando ocorre a jun\u00e7\u00e3o<br \/>\ndas \u00e1guas do rio com o mar, sendo este um dos locais de culto a este orix\u00e1.<\/p>\n<p style=\"text-align: justify;\">\u00a0 \u00a0 \u00a0Na tradu\u00e7\u00e3o de um de seus oriquis (versos sagrados) fica evidente a compara\u00e7\u00e3o original desta deusa com\u00a0um rio, com o comportamento das \u00e1guas e de como a presen\u00e7a desta for\u00e7a da natureza \u00e9 temida e respeitada.\u00a0Iemanj\u00e1 representa o instinto materno, ela divide com Oxum o dom\u00ednio sobre a maternidade. Enquanto Oxum \u00e9 a\u00a0m\u00e3e das crian\u00e7as, ela \u00e9 a m\u00e3e dos jovens e adultos que j\u00e1 formaram personalidade e individualidade. Sua\u00a0fun\u00e7\u00e3o \u00e9 a maternidade como orientadora, n\u00e3o \u00e9 necessariamente a m\u00e3e que d\u00e1 a luz mas a m\u00e3e que cria,\u00a0pois est\u00e1 ligada \u00e0 educa\u00e7\u00e3o da crian\u00e7a, \u00e0 casa e \u00e0 fam\u00edlia. Ela \u00e9 aquela com o poder de transformar\u00a0crian\u00e7as em adultos, mesmo aquelas com menos capacidade podem ser transformadas por ela em excelentes\u00a0guerreiros. Foi isto que ela fez com Omul\u00fa, que foi entregue por Nan\u00e3 aos seus cuidados por ter nascido\u00a0com o corpo coberto de feridas. Com seu amor de m\u00e3e o curou e fez dele um grande e h\u00e1bil guerreiro de\u00a0brilho t\u00e3o intenso quanto o do sol. Iemanj\u00e1 \u00e9 m\u00e3e que n\u00e3o faz distin\u00e7\u00e3o entre os filhos, tenham ou n\u00e3o sa\u00eddo\u00a0de seu ventre.<\/p>\n<p style=\"text-align: justify;\">Ela poderia ser considerada a padroeira dos psic\u00f3logos pois tudo o que se relaciona \u00e0 cabe\u00e7a lhe diz respeito.<br \/>\nEla \u00e9 a dona da cabe\u00e7a. O bem estar psicol\u00f3gico, a harmonia e o equil\u00edbrio, a n\u00edvel pessoal ou psicol\u00f3gico,\u00a0s\u00f3 podem ser alcan\u00e7ados com as b\u00ean\u00e7\u00e3os de Iemanj\u00e1. Zelar pela fam\u00edlia \u00e9 a principal tarefa de Iemanj\u00e1. \u00c9 ela\u00a0quem promove a paz nos lares, mostrando que \u00e9 preciso respeitar, amar e sobretudo ouvir e respeitar os pais.<\/p>\n<p style=\"text-align: justify;\">Na Umbanda, \u00e9 homenageada no dia 02 de fevereiro dentro do sincretismo com Nossa Senhora dos Navegantes, no\u00a0dia 15 de agosto dentro do sincretismo com Nossa Senhora da Gl\u00f3ria e recebe homenagens especiais na passagem\u00a0do dia 31 de dezembro.<\/p>\n<p style=\"text-align: justify;\">Reverenciar Iemanj\u00e1 \u00e9 ter a certeza de possuir uma m\u00e3e protetora sempre atenta aos passos de seus filhos, \u00e9\u00a0saber que num trope\u00e7o da vida haver\u00e1 um bra\u00e7o forte pronto para nos amparar. Se Iemanj\u00e1 \u00e9 o mar, e o mar\u00a0toma tantas praias do mundo, em qualquer ponto ela assiste seus filhos, e todos somos seus filhos.<\/p>\n<p><em>Iemanj\u00e1 que se estende na amplid\u00e3o<\/em><br \/>\n<em>Aiab\u00e1 que vive na \u00e1gua funda &#8230;<\/em><br \/>\n<em>&#8230;Iemanj\u00e1 se vira quando vem a ventania<\/em><br \/>\n<em>Gira e rodopia em volta da vila<\/em><br \/>\n<em>Insatisfeita, derruba as pontes &#8230;<\/em><br \/>\n<em>Na terra se cala, \u00e0 flor da \u00e1gua fala.<\/em><\/p>\n<p><em>\u00c8\u00e9r\u00fa Iy\u00e1, Od\u00f2 Iy\u00e1!<\/em><\/p>\n\n<!-- Page-list plugin v.5.2 wordpress.org\/plugins\/page-list\/ -->\n<div class=\"page-list page-list-ext \">\n<div class=\"page-list-ext-item\"><div class=\"page-list-ext-image\"><a href=\"https:\/\/www.cejv.com.br\/site\/index.php\/os-orixas\/ewa\/\" title=\"Ew\u00e1\"><img src=\"https:\/\/www.cejv.com.br\/site\/wp-content\/uploads\/2013\/05\/350_quadro-Ewa1-150x150.jpg\" width=\"80\" alt=\"Ew\u00e1\" \/><\/a><\/div> <h3 class=\"page-list-ext-title\"><a href=\"https:\/\/www.cejv.com.br\/site\/index.php\/os-orixas\/ewa\/\" title=\"Ew\u00e1\">Ew\u00e1<\/a><\/h3><\/div>\n<div class=\"page-list-ext-item\"><div class=\"page-list-ext-image\"><a href=\"https:\/\/www.cejv.com.br\/site\/index.php\/os-orixas\/iansan\/\" title=\"Iansan\"><img src=\"https:\/\/www.cejv.com.br\/site\/wp-content\/uploads\/2013\/05\/350_quadro-iansa-150x150.jpg\" width=\"80\" alt=\"Iansan\" \/><\/a><\/div> <h3 class=\"page-list-ext-title\"><a href=\"https:\/\/www.cejv.com.br\/site\/index.php\/os-orixas\/iansan\/\" title=\"Iansan\">Iansan<\/a><\/h3><\/div>\n<div class=\"page-list-ext-item\"><div class=\"page-list-ext-image\"><a href=\"https:\/\/www.cejv.com.br\/site\/index.php\/os-orixas\/iemanja\/\" title=\"Iemanj\u00e1\"><img src=\"https:\/\/www.cejv.com.br\/site\/wp-content\/uploads\/2013\/05\/350_quadro-iemanja-150x150.jpg\" width=\"80\" alt=\"Iemanj\u00e1\" \/><\/a><\/div> <h3 class=\"page-list-ext-title\"><a href=\"https:\/\/www.cejv.com.br\/site\/index.php\/os-orixas\/iemanja\/\" title=\"Iemanj\u00e1\">Iemanj\u00e1<\/a><\/h3><\/div>\n<div class=\"page-list-ext-item\"><div class=\"page-list-ext-image\"><a href=\"https:\/\/www.cejv.com.br\/site\/index.php\/os-orixas\/nana\/\" title=\"Nan\u00e3\"><img src=\"https:\/\/www.cejv.com.br\/site\/wp-content\/uploads\/2013\/05\/350_quadro-nana-150x150.jpg\" width=\"80\" alt=\"Nan\u00e3\" \/><\/a><\/div> <h3 class=\"page-list-ext-title\"><a href=\"https:\/\/www.cejv.com.br\/site\/index.php\/os-orixas\/nana\/\" title=\"Nan\u00e3\">Nan\u00e3<\/a><\/h3><\/div>\n<div class=\"page-list-ext-item\"><div class=\"page-list-ext-image\"><a href=\"https:\/\/www.cejv.com.br\/site\/index.php\/os-orixas\/ogum\/\" title=\"Ogum\"><img src=\"https:\/\/www.cejv.com.br\/site\/wp-content\/uploads\/2013\/05\/350_quadro-ogum-150x150.jpg\" width=\"80\" alt=\"Ogum\" \/><\/a><\/div> <h3 class=\"page-list-ext-title\"><a href=\"https:\/\/www.cejv.com.br\/site\/index.php\/os-orixas\/ogum\/\" title=\"Ogum\">Ogum<\/a><\/h3><\/div>\n<div class=\"page-list-ext-item\"><div class=\"page-list-ext-image\"><a href=\"https:\/\/www.cejv.com.br\/site\/index.php\/os-orixas\/omulu\/\" title=\"Omulu\"><img src=\"https:\/\/www.cejv.com.br\/site\/wp-content\/uploads\/2013\/05\/350_quadro-omulu-150x150.jpg\" width=\"80\" alt=\"Omulu\" \/><\/a><\/div> <h3 class=\"page-list-ext-title\"><a href=\"https:\/\/www.cejv.com.br\/site\/index.php\/os-orixas\/omulu\/\" title=\"Omulu\">Omulu<\/a><\/h3><\/div>\n<div class=\"page-list-ext-item\"><div class=\"page-list-ext-image\"><a href=\"https:\/\/www.cejv.com.br\/site\/index.php\/os-orixas\/ossae\/\" title=\"Oss\u00e3e\"><img src=\"https:\/\/www.cejv.com.br\/site\/wp-content\/uploads\/2013\/05\/350_quadro-ossae-150x150.jpg\" width=\"80\" alt=\"Oss\u00e3e\" \/><\/a><\/div> <h3 class=\"page-list-ext-title\"><a href=\"https:\/\/www.cejv.com.br\/site\/index.php\/os-orixas\/ossae\/\" title=\"Oss\u00e3e\">Oss\u00e3e<\/a><\/h3><\/div>\n<div class=\"page-list-ext-item\"><div class=\"page-list-ext-image\"><a href=\"https:\/\/www.cejv.com.br\/site\/index.php\/os-orixas\/oxala\/\" title=\"Oxal\u00e1\"><img src=\"https:\/\/www.cejv.com.br\/site\/wp-content\/uploads\/2013\/06\/350_quadro-oxala-150x150.jpg\" width=\"80\" alt=\"Oxal\u00e1\" \/><\/a><\/div> <h3 class=\"page-list-ext-title\"><a href=\"https:\/\/www.cejv.com.br\/site\/index.php\/os-orixas\/oxala\/\" title=\"Oxal\u00e1\">Oxal\u00e1<\/a><\/h3><\/div>\n<div class=\"page-list-ext-item\"><div class=\"page-list-ext-image\"><a href=\"https:\/\/www.cejv.com.br\/site\/index.php\/os-orixas\/oxossi\/\" title=\"Oxossi\"><img src=\"https:\/\/www.cejv.com.br\/site\/wp-content\/uploads\/2013\/06\/quadro-oxossi-150x150.jpg\" width=\"80\" alt=\"Oxossi\" \/><\/a><\/div> <h3 class=\"page-list-ext-title\"><a href=\"https:\/\/www.cejv.com.br\/site\/index.php\/os-orixas\/oxossi\/\" title=\"Oxossi\">Oxossi<\/a><\/h3><\/div>\n<div class=\"page-list-ext-item\"><div class=\"page-list-ext-image\"><a href=\"https:\/\/www.cejv.com.br\/site\/index.php\/os-orixas\/oxum\/\" title=\"Oxum\"><img src=\"https:\/\/www.cejv.com.br\/site\/wp-content\/uploads\/2013\/06\/quadro-oxum-150x150.jpg\" width=\"80\" alt=\"Oxum\" \/><\/a><\/div> <h3 class=\"page-list-ext-title\"><a href=\"https:\/\/www.cejv.com.br\/site\/index.php\/os-orixas\/oxum\/\" title=\"Oxum\">Oxum<\/a><\/h3><\/div>\n<div class=\"page-list-ext-item\"><div class=\"page-list-ext-image\"><a href=\"https:\/\/www.cejv.com.br\/site\/index.php\/os-orixas\/oxumare\/\" title=\"Oxumar\u00ea\"><img src=\"https:\/\/www.cejv.com.br\/site\/wp-content\/uploads\/2013\/06\/quadro-oxumare-150x150.jpg\" width=\"80\" alt=\"Oxumar\u00ea\" \/><\/a><\/div> <h3 class=\"page-list-ext-title\"><a href=\"https:\/\/www.cejv.com.br\/site\/index.php\/os-orixas\/oxumare\/\" title=\"Oxumar\u00ea\">Oxumar\u00ea<\/a><\/h3><\/div>\n<div class=\"page-list-ext-item\"><div class=\"page-list-ext-image\"><a href=\"https:\/\/www.cejv.com.br\/site\/index.php\/os-orixas\/tempo\/\" title=\"Tempo\"><img src=\"https:\/\/www.cejv.com.br\/site\/wp-content\/uploads\/2013\/06\/350_quadro-Tempo-150x150.jpg\" width=\"80\" alt=\"Tempo\" \/><\/a><\/div> <h3 class=\"page-list-ext-title\"><a href=\"https:\/\/www.cejv.com.br\/site\/index.php\/os-orixas\/tempo\/\" title=\"Tempo\">Tempo<\/a><\/h3><\/div>\n<div class=\"page-list-ext-item\"><div class=\"page-list-ext-image\"><a href=\"https:\/\/www.cejv.com.br\/site\/index.php\/os-orixas\/xango\/\" title=\"Xang\u00f4\"><img src=\"https:\/\/www.cejv.com.br\/site\/wp-content\/uploads\/2013\/06\/350_quadro-xango-150x150.jpg\" width=\"80\" alt=\"Xang\u00f4\" \/><\/a><\/div> <h3 class=\"page-list-ext-title\"><a href=\"https:\/\/www.cejv.com.br\/site\/index.php\/os-orixas\/xango\/\" title=\"Xang\u00f4\">Xang\u00f4<\/a><\/h3><\/div>\n\n<\/div>\n<p><strong>Outros Orix\u00e1s<\/strong><\/p>\n\n<!-- Page-list plugin v.5.2 wordpress.org\/plugins\/page-list\/ -->\n<div class=\"page-list page-list-ext \">\n<div class=\"page-list-ext-item\"><div class=\"page-list-ext-image\"><a href=\"https:\/\/www.cejv.com.br\/site\/index.php\/outros-orixas\/oba\/\" title=\"Ob\u00e1\"><img src=\"https:\/\/www.cejv.com.br\/site\/wp-content\/uploads\/2013\/05\/site_oba_3a1-150x150.jpeg\" width=\"80\" alt=\"Ob\u00e1\" \/><\/a><\/div> <h3 class=\"page-list-ext-title\"><a href=\"https:\/\/www.cejv.com.br\/site\/index.php\/outros-orixas\/oba\/\" title=\"Ob\u00e1\">Ob\u00e1<\/a><\/h3><\/div>\n<div class=\"page-list-ext-item\"><h3 class=\"page-list-ext-title\"><a href=\"https:\/\/www.cejv.com.br\/site\/index.php\/outros-orixas\/oduduwa\/\" title=\"Oduduwa\">Oduduwa<\/a><\/h3><\/div>\n<div class=\"page-list-ext-item\"><h3 class=\"page-list-ext-title\"><a href=\"https:\/\/www.cejv.com.br\/site\/index.php\/outros-orixas\/logun-ede\/\" title=\"Logun Ed\u00e9\">Logun Ed\u00e9<\/a><\/h3><\/div>\n<div class=\"page-list-ext-item\"><h3 class=\"page-list-ext-title\"><a href=\"https:\/\/www.cejv.com.br\/site\/index.php\/outros-orixas\/exu\/\" title=\"Exu\">Exu<\/a><\/h3><\/div>\n\n<\/div>\n<p>&nbsp;<\/p>\n","protected":false},"excerpt":{"rendered":"<p>\u00a0 \u00a0 \u00a0Iemanj\u00e1 \u00e9 um dos orix\u00e1s mais populares dos&#8230; <\/p>\n","protected":false},"author":1,"featured_media":3779,"parent":3572,"menu_order":0,"comment_status":"open","ping_status":"open","template":"","meta":[],"_links":{"self":[{"href":"https:\/\/www.cejv.com.br\/site\/index.php\/wp-json\/wp\/v2\/pages\/3632"}],"collection":[{"href":"https:\/\/www.cejv.com.br\/site\/index.php\/wp-json\/wp\/v2\/pages"}],"about":[{"href":"https:\/\/www.cejv.com.br\/site\/index.php\/wp-json\/wp\/v2\/types\/page"}],"author":[{"embeddable":true,"href":"https:\/\/www.cejv.com.br\/site\/index.php\/wp-json\/wp\/v2\/users\/1"}],"replies":[{"embeddable":true,"href":"https:\/\/www.cejv.com.br\/site\/index.php\/wp-json\/wp\/v2\/comments?post=3632"}],"version-history":[{"count":2,"href":"https:\/\/www.cejv.com.br\/site\/index.php\/wp-json\/wp\/v2\/pages\/3632\/revisions"}],"predecessor-version":[{"id":4340,"href":"https:\/\/www.cejv.com.br\/site\/index.php\/wp-json\/wp\/v2\/pages\/3632\/revisions\/4340"}],"up":[{"embeddable":true,"href":"https:\/\/www.cejv.com.br\/site\/index.php\/wp-json\/wp\/v2\/pages\/3572"}],"wp:featuredmedia":[{"embeddable":true,"href":"https:\/\/www.cejv.com.br\/site\/index.php\/wp-json\/wp\/v2\/media\/3779"}],"wp:attachment":[{"href":"https:\/\/www.cejv.com.br\/site\/index.php\/wp-json\/wp\/v2\/media?parent=3632"}],"curies":[{"name":"wp","href":"https:\/\/api.w.org\/{rel}","templated":true}]}}