{"id":3572,"date":"2013-05-18T12:57:17","date_gmt":"2013-05-18T12:57:17","guid":{"rendered":"http:\/\/www.cejv.com.br\/site\/?page_id=3572"},"modified":"2015-05-28T15:24:55","modified_gmt":"2015-05-28T15:24:55","slug":"os-orixas","status":"publish","type":"page","link":"https:\/\/www.cejv.com.br\/site\/index.php\/os-orixas\/","title":{"rendered":"Os Orix\u00e1s"},"content":{"rendered":"<p style=\"text-align: justify;\">Os orix\u00e1s s\u00e3o divindades africanas que s\u00e3o associadas \u00e0s for\u00e7as da natureza e a atividades sociais.<br \/>\nEles atuam como intermedi\u00e1rios entre Olorum, o Deus supremo, e os homens. Influenciam e interferem em\u00a0nossa vida di\u00e1ria de maneira sutil; t\u00eam cores, ritmos e comidas de sua predile\u00e7\u00e3o de acordo com seu temperamento.<\/p>\n<p style=\"text-align: justify;\">Segundo a tradi\u00e7\u00e3o africana os orix\u00e1s viveram realmente na terra. Foram pessoas (m\u00e9diuns como n\u00f3s) com poderes\u00a0paranormais intensos, respeitados pela comunidade onde viveram e que ap\u00f3s sua morte f\u00edsica passaram a ser\u00a0cultuados como ancestrais divinizados. Acredita-se que Xang\u00f4 foi o quarto rei de Oi\u00f3 que reinou entre 1450\u00a0e 1436 a.C. ; que Aganj\u00fa foi o sexto rei e que viveu entre 1370 e 1290 a.C.; Oxaguian foi rei de Ejigb\u00f4,\u00a0Iansan foi uma princesa de Ir\u00e1 em 1450 a.C. e prima de Xang\u00f4; Oxossi foi rei de Keto.<\/p>\n<p style=\"text-align: justify;\">No Brasil cultuamos cerca de 16 orix\u00e1s a seguir:<\/p>\n<p style=\"text-align: justify;\">Exu, Ogum, Oxossi, Oss\u00e3e, Oxumare, Obaluaie\/Omulu, Xang\u00f4, Iansan, Logun-Ed\u00e9, Oxum, Ewa, Ob\u00e1, Iemanj\u00e1,<br \/>\nNan\u00e3, Tempo e Oxal\u00e1.<\/p>\n<p>&nbsp;<\/p>\n<table style=\"height: 720px;\" width=\"465\" align=\"center\">\n<tbody>\n<tr>\n<td colspan=\"4\">Pinturas de \u00d3leo sobre Tela feitas por Ulysses Rabelo<\/td>\n<\/tr>\n<tr>\n<td class=\"erro\" colspan=\"4\">Clique nas figuras abaixo para obter mais detalhes&#8230;<\/td>\n<\/tr>\n<tr>\n<td align=\"center\"><a href=\"http:\/\/www.cejv.com.br\/site\/index.php\/os-orixas\/iansan\/\" target=\"_blank\"><img loading=\"lazy\" src=\"..\/..\/..\/imagens\/tn_quadro ians\u00e3.gif\" alt=\"\" width=\"50\" height=\"50\" border=\"0\" \/><br \/>\nIansan<\/a><\/td>\n<td align=\"center\"><a href=\"http:\/\/www.cejv.com.br\/site\/index.php\/os-orixas\/iemanja\/\" target=\"_blank\"><img loading=\"lazy\" src=\"..\/..\/..\/imagens\/tn_quadro iemanj\u00e1.gif\" alt=\"\" width=\"50\" height=\"50\" border=\"0\" \/><br \/>\nIemanj\u00e1<\/a><\/td>\n<td align=\"center\"><a href=\"http:\/\/www.cejv.com.br\/site\/index.php\/os-orixas\/nana\/\" target=\"_blank\"><img loading=\"lazy\" src=\"..\/..\/..\/imagens\/tn_quadro nan\u00e3.gif\" alt=\"\" width=\"50\" height=\"50\" border=\"0\" \/><br \/>\nNan\u00e3<\/a><\/td>\n<td align=\"center\"><a href=\"http:\/\/www.cejv.com.br\/site\/index.php\/os-orixas\/ogum\/\"><img loading=\"lazy\" src=\"..\/..\/..\/imagens\/tn_quadro ogum.gif\" alt=\"\" width=\"50\" height=\"50\" border=\"0\" \/><br \/>\nOgum<\/a><\/td>\n<\/tr>\n<tr>\n<td colspan=\"4\"><\/td>\n<\/tr>\n<tr>\n<td align=\"center\"><a href=\"http:\/\/www.cejv.com.br\/site\/index.php\/os-orixas\/omulu\/\"><img loading=\"lazy\" src=\"..\/..\/..\/imagens\/tn_quadro omulu.gif\" alt=\"\" width=\"50\" height=\"50\" border=\"0\" \/><br \/>\nOmulu<\/a><\/td>\n<td align=\"center\"><a href=\"http:\/\/www.cejv.com.br\/site\/index.php\/os-orixas\/ossae\/\"><img loading=\"lazy\" src=\"..\/..\/..\/imagens\/tn_quadro oss\u00e3e.gif\" alt=\"\" width=\"50\" height=\"50\" border=\"0\" \/><br \/>\nOss\u00e3e<\/a><\/td>\n<td align=\"center\"><a href=\"http:\/\/www.cejv.com.br\/site\/index.php\/os-orixas\/oxala\/\"><img loading=\"lazy\" src=\"..\/..\/..\/imagens\/tn_quadro oxal\u00e1.gif\" alt=\"\" width=\"50\" height=\"50\" border=\"0\" \/><br \/>\nOxal\u00e1<\/a><\/td>\n<td align=\"center\"><a href=\"http:\/\/www.cejv.com.br\/site\/index.php\/os-orixas\/oxossi\/\"><img loading=\"lazy\" src=\"..\/..\/..\/imagens\/tn_quadro oxossi.gif\" alt=\"\" width=\"50\" height=\"50\" border=\"0\" \/><br \/>\nOxossi<\/a><\/td>\n<\/tr>\n<tr>\n<td colspan=\"4\"><\/td>\n<\/tr>\n<tr>\n<td align=\"center\"><a href=\"http:\/\/www.cejv.com.br\/site\/index.php\/os-orixas\/oxum\/\"><img loading=\"lazy\" src=\"..\/..\/..\/imagens\/tn_quadro oxum.gif\" alt=\"\" width=\"50\" height=\"50\" border=\"0\" \/><br \/>\nOxum<\/a><\/td>\n<td align=\"center\"><a href=\"http:\/\/www.cejv.com.br\/site\/index.php\/os-orixas\/oxumare\/\"><img loading=\"lazy\" src=\"..\/..\/..\/imagens\/tn_quadro Oxumare.gif\" alt=\"\" width=\"50\" height=\"50\" border=\"0\" \/><br \/>\nOxumar\u00e9<\/a><\/td>\n<td align=\"center\"><a href=\"http:\/\/www.cejv.com.br\/site\/index.php\/xango\/\"><img loading=\"lazy\" src=\"..\/..\/..\/imagens\/tn_quadro Xang\u00f4.gif\" alt=\"\" width=\"50\" height=\"50\" border=\"0\" \/><br \/>\nXang\u00f4<\/a><\/td>\n<td align=\"center\"><a href=\"http:\/\/www.cejv.com.br\/site\/index.php\/os-orixas\/ewa\/\"><img loading=\"lazy\" src=\"..\/..\/..\/imagens\/tn_quadro ewa.gif\" alt=\"\" width=\"50\" height=\"50\" border=\"0\" \/><br \/>\nEw\u00e1<\/a><\/td>\n<\/tr>\n<tr>\n<td colspan=\"4\"><\/td>\n<\/tr>\n<tr>\n<td align=\"center\"><a href=\"http:\/\/www.cejv.com.br\/site\/index.php\/os-orixas\/tempo\/\"><img loading=\"lazy\" src=\"..\/..\/..\/imagens\/tn_quadro tempo.gif\" alt=\"\" width=\"50\" height=\"50\" border=\"0\" \/><br \/>\nTempo<\/a><\/td>\n<td align=\"center\"><\/td>\n<td align=\"center\"><\/td>\n<td align=\"center\"><\/td>\n<\/tr>\n<tr>\n<td colspan=\"4\">Outros Orix\u00e1s:<\/p>\n<p><a href=\"http:\/\/www.cejv.com.br\/site\/index.php\/outros-orixas\/exu\/\">Exu<\/a><\/p>\n<p><a href=\"http:\/\/www.cejv.com.br\/site\/index.php\/outros-orixas\/logun-ede\/\">Logun-Ed\u00e9<\/a><\/p>\n<p><a href=\"http:\/\/www.cejv.com.br\/site\/index.php\/outros-orixas\/oba\/\">Ob\u00e1<\/a><\/p>\n<p><a href=\"http:\/\/www.cejv.com.br\/site\/index.php\/outros-orixas\/oduduwa\/\">Oduduwa<\/a><\/td>\n<\/tr>\n<\/tbody>\n<\/table>\n","protected":false},"excerpt":{"rendered":"<p>Os orix\u00e1s s\u00e3o divindades africanas que s\u00e3o associadas \u00e0s for\u00e7as&#8230; <\/p>\n","protected":false},"author":1,"featured_media":0,"parent":0,"menu_order":0,"comment_status":"open","ping_status":"open","template":"","meta":[],"_links":{"self":[{"href":"https:\/\/www.cejv.com.br\/site\/index.php\/wp-json\/wp\/v2\/pages\/3572"}],"collection":[{"href":"https:\/\/www.cejv.com.br\/site\/index.php\/wp-json\/wp\/v2\/pages"}],"about":[{"href":"https:\/\/www.cejv.com.br\/site\/index.php\/wp-json\/wp\/v2\/types\/page"}],"author":[{"embeddable":true,"href":"https:\/\/www.cejv.com.br\/site\/index.php\/wp-json\/wp\/v2\/users\/1"}],"replies":[{"embeddable":true,"href":"https:\/\/www.cejv.com.br\/site\/index.php\/wp-json\/wp\/v2\/comments?post=3572"}],"version-history":[{"count":7,"href":"https:\/\/www.cejv.com.br\/site\/index.php\/wp-json\/wp\/v2\/pages\/3572\/revisions"}],"predecessor-version":[{"id":4332,"href":"https:\/\/www.cejv.com.br\/site\/index.php\/wp-json\/wp\/v2\/pages\/3572\/revisions\/4332"}],"wp:attachment":[{"href":"https:\/\/www.cejv.com.br\/site\/index.php\/wp-json\/wp\/v2\/media?parent=3572"}],"curies":[{"name":"wp","href":"https:\/\/api.w.org\/{rel}","templated":true}]}}