{"id":3560,"date":"2013-05-18T12:46:28","date_gmt":"2013-05-18T12:46:28","guid":{"rendered":"http:\/\/www.cejv.com.br\/site\/?page_id=3560"},"modified":"2022-11-02T18:03:22","modified_gmt":"2022-11-02T18:03:22","slug":"quem-somos","status":"publish","type":"page","link":"https:\/\/www.cejv.com.br\/site\/index.php\/quem-somos\/","title":{"rendered":"Quem Somos"},"content":{"rendered":"<h2><em><b>Bem-vindo ao Centro Esp\u00edrita Jo\u00e3o Vicente<\/b><\/em><\/h2>\n<p style=\"text-align: justify;\">O CEJV \u00e9 um terreiro de Umbanda oficialmente em funcionamento desde 23 de abril de 1975. Sua primeira dirigente foi a m\u00e9dium Cleydes Justino Bove; ap\u00f3s seu falecimento o comando do terreiro passou a ser exercido por seu sobrinho, o m\u00e9dium Nilton de Almeida Junior.<\/p>\n<p style=\"text-align: justify;\">Sob o comando espiritual do Caboclo Flecheiro e do Preto Velho Pai Benedito, dona Cleydes cumpriu sua miss\u00e3o medi\u00fanica, sempre auxiliada pela amiga dona Zizinha e seu guia o Caboclo Monjac\u00e1. Com o natural passar do tempo, motivos de sa\u00fade afastaram dona Zizinha das atividades medi\u00fanicas e a irm\u00e3 de dona Cleydes, dona \u00a0Keomy, passou a auxilia-la no comando do terreiro. O tempo continuou seguindo seu curso e tamb\u00e9m dona Cleydes come\u00e7ou a sentir seus efeitos. Seu retorno ao mundo espiritual se deu em 16 de outubro de 1997.<\/p>\n<p style=\"text-align: justify;\">Ciente de que o comando do terreiro n\u00e3o era seu, dona Keomy foi buscar na espiritualidade a resposta sobre a continuidade do funcionamento do terreiro e seu futuro dirigente. A espiritualidade apontou como sucessor de dona Cleydes, o filho de dona Keomy o atual dirigente Nilton de Almeida Junior, que vem comandando o terreiro sob a orienta\u00e7\u00e3o espiritual do Caboclo Sete Montanhas desde mar\u00e7o de 1998.<\/p>\n<p><b><em>Onde estamos:<\/em><\/b><\/p>\n<p><em>O CEJV fica na Rua Carna\u00faba, 256, Senador Camar\u00e1, Rio de Janeiro &#8211; RJ.<\/em><br \/>\n<a href=\"http:\/\/maps.google.com.br\/maps?q=R.%20Carna%C3%BAba%2C%20256%20-%20Sen.%20Camar%C3%A1%2C%20Rio%20de%20Janeiro%20-%20RJ%2C%2021842-010\" target=\"_blank\" rel=\"noopener\">Clique aqui e veja no Google Maps!<\/a><\/p>\n<p><b><em>Para que nossos trabalhos possam ser realizados de acordo com as determina\u00e7\u00f5es da<br \/>\ndire\u00e7\u00e3o espiritual, contamos com sua colabora\u00e7\u00e3o nos itens abaixo<br \/>\ndiscriminados:<\/em><\/b><\/p>\n<p><b><em>Hor\u00e1rio:<\/em><\/b><\/p>\n<p><em>Nossas sess\u00f5es t\u00eam in\u00edcio \u00e0s 13:00hs. Para a distribui\u00e7\u00e3o das fichas de consulta, solicitamos o comparecimento at\u00e9 \u00e0s 12:30hs. N\u00e3o se esque\u00e7a de assinar o livro de presen\u00e7as dispon\u00edvel na assist\u00eancia.<\/em><\/p>\n<p><b><em>Roupas:<\/em><\/b><\/p>\n<p><em>Por estarmos em um ambiente religioso, orientamos m\u00e9diuns e assistentes para que n\u00e3o\u00a0compare\u00e7am vestidos de short, mini-saia, top, roupas transparentes ou qualquer\u00a0outra vestimenta que n\u00e3o seja condizente com a finalidade de nossos trabalhos.<\/em><\/p>\n<p><b><em>Celulares:<\/em><\/b><\/p>\n<p><em>Ao iniciarmos a sess\u00e3o, desligue seu telefone celular. A interfer\u00eancia abrupta da\u00a0campainha perturba a concentra\u00e7\u00e3o e o andamento dos trabalhos.<\/em><\/p>\n<p><b><em>Sil\u00eancio:<\/em><\/b><\/p>\n<p><em>Assim como no item anterior, pedimos tamb\u00e9m o m\u00e1ximo de sil\u00eancio e\u00a0concentra\u00e7\u00e3o na assist\u00eancia. Fale pouco e fale baixo para manter o ambiente\u00a0equilibrado e sadio.<\/em><\/p>\n<p><b><em>Consultas:<\/em><\/b><\/p>\n<p><em>Pessoas que comparecem ao terreiro pela primeira vez, t\u00eam prefer\u00eancia para\u00a0consultarem-se com os guias que comandam a casa. Se voc\u00ea j\u00e1 acompanha nossos\u00a0trabalhos, ajude-nos optando por consultar-se com um dos guias autorizados pela dire\u00e7\u00e3o\u00a0espiritual, facilitando assim o atendimento e o fluxo de consulentes.<\/em><\/p>\n<p><em>Obrigado por sua presen\u00e7a e por sua colabora\u00e7\u00e3o.<\/em><\/p>\n<p><em>Atenciosamente,<\/em><\/p>\n<p><em>A Dire\u00e7\u00e3o<\/em><\/p>\n","protected":false},"excerpt":{"rendered":"<p>Bem-vindo ao Centro Esp\u00edrita Jo\u00e3o Vicente O CEJV \u00e9 um&#8230; <\/p>\n","protected":false},"author":1,"featured_media":0,"parent":0,"menu_order":0,"comment_status":"open","ping_status":"open","template":"","meta":[],"_links":{"self":[{"href":"https:\/\/www.cejv.com.br\/site\/index.php\/wp-json\/wp\/v2\/pages\/3560"}],"collection":[{"href":"https:\/\/www.cejv.com.br\/site\/index.php\/wp-json\/wp\/v2\/pages"}],"about":[{"href":"https:\/\/www.cejv.com.br\/site\/index.php\/wp-json\/wp\/v2\/types\/page"}],"author":[{"embeddable":true,"href":"https:\/\/www.cejv.com.br\/site\/index.php\/wp-json\/wp\/v2\/users\/1"}],"replies":[{"embeddable":true,"href":"https:\/\/www.cejv.com.br\/site\/index.php\/wp-json\/wp\/v2\/comments?post=3560"}],"version-history":[{"count":7,"href":"https:\/\/www.cejv.com.br\/site\/index.php\/wp-json\/wp\/v2\/pages\/3560\/revisions"}],"predecessor-version":[{"id":5652,"href":"https:\/\/www.cejv.com.br\/site\/index.php\/wp-json\/wp\/v2\/pages\/3560\/revisions\/5652"}],"wp:attachment":[{"href":"https:\/\/www.cejv.com.br\/site\/index.php\/wp-json\/wp\/v2\/media?parent=3560"}],"curies":[{"name":"wp","href":"https:\/\/api.w.org\/{rel}","templated":true}]}}